{"id":13234,"date":"2022-06-09T09:59:46","date_gmt":"2022-06-09T08:59:47","guid":{"rendered":"https:\/\/www.welovekeys.co.uk\/?post_type=product&#038;p=13234"},"modified":"2022-06-09T10:04:09","modified_gmt":"2022-06-09T09:04:09","slug":"abus-fensterschlussel-ab0198","status":"publish","type":"product","link":"https:\/\/www.welovekeys.co.uk\/de\/produkt\/abus-fensterschlussel-ab0198\/","title":{"rendered":"ABUS Fensterschl\u00fcssel AB0198"},"content":{"rendered":"<p>Bestellen Sie heute ABUS AB0198-Fensterschl\u00fcssel online mit We Love Keys!<\/p>\n<p>Auf dieser Seite k\u00f6nnen Sie den ABUS AB0198-Fensterschl\u00fcssel bestellen, der im abschlie\u00dfbaren Fenstergriff verwendet wird. Dieser Fenstergriff ist in ganz Deutschland und ganz Europa verbreitet.<\/p>\n<p>W\u00e4hlen Sie einfach oben die Anzahl der AB0198-Fensterschl\u00fcssel aus, die Sie brauchen, und wir erledigen den Rest!<\/p>\n<p><strong><em>Versand aller ABUS-Fensterschl\u00fcssel am selben Tag, wenn an einem Werktag bis 15 Uhr bestellt.<\/em><\/strong><\/p>\n","protected":false},"excerpt":{"rendered":"<div id=\"discounttable\"><strong>2+ Schl\u00fcssel = 10% Rabatt<br \/>\n5+ Schl\u00fcssel = 16% Rabatt<br \/>\n10+ Schl\u00fcssel = 22% Rabatt<br \/>\n20+ Schl\u00fcssel = <a href=\"https:\/\/www.welovekeys.co.uk\/de\/hilfe\/\" target=\"_blank\" rel=\"noopener noreferrer\">schreiben Sie uns<\/a><br \/>Rabatt wird im Warenkorb gezeigt.<\/strong><\/div>\n","protected":false},"featured_media":9679,"template":"","meta":{"_et_pb_use_builder":"","_et_pb_old_content":"","_et_gb_content_width":""},"product_brand":[],"product_cat":[61,722,748,741],"product_tag":[],"class_list":{"0":"post-13234","1":"product","2":"type-product","3":"status-publish","4":"has-post-thumbnail","6":"product_cat-abus-schlussel","7":"product_cat-fenster","8":"product_cat-one-side-de","9":"product_cat-zylinderschlussel","10":"product_shipping_class-env-de","12":"first","13":"instock","14":"taxable","15":"shipping-taxable","16":"purchasable","17":"product-type-simple"},"yoast_head":"<!-- This site is optimized with the Yoast SEO plugin v27.4 - https:\/\/yoast.com\/product\/yoast-seo-wordpress\/ -->\n<title>AB0198 ABUS Fensterschl\u00fcssel f\u00fcr Fenstergriff - We Love Keys<\/title>\n<meta name=\"description\" content=\"Bestellen Sie ABUS Fensterschl\u00fcssel online mit We Love Keys! AB0198-Schl\u00fcssel f\u00fcr abschlie\u00dfbaren Fenstergriff. Niedrige Preise!\" \/>\n<meta name=\"robots\" content=\"index, follow, max-snippet:-1, max-image-preview:large, max-video-preview:-1\" \/>\n<link rel=\"canonical\" href=\"https:\/\/www.welovekeys.co.uk\/de\/produkt\/abus-fensterschlussel-ab0198\/\" \/>\n<meta property=\"og:locale\" content=\"de_DE\" \/>\n<meta property=\"og:type\" content=\"article\" \/>\n<meta property=\"og:title\" content=\"AB0198 ABUS Fensterschl\u00fcssel f\u00fcr Fenstergriff - We Love Keys\" \/>\n<meta property=\"og:description\" content=\"Bestellen Sie ABUS Fensterschl\u00fcssel online mit We Love Keys! AB0198-Schl\u00fcssel f\u00fcr abschlie\u00dfbaren Fenstergriff. Niedrige Preise!\" \/>\n<meta property=\"og:url\" content=\"https:\/\/www.welovekeys.co.uk\/de\/produkt\/abus-fensterschlussel-ab0198\/\" \/>\n<meta property=\"og:site_name\" content=\"We Love Keys\" \/>\n<meta property=\"article:modified_time\" content=\"2022-06-09T09:04:09+00:00\" \/>\n<meta property=\"og:image\" content=\"https:\/\/www.welovekeys.co.uk\/wp-content\/uploads\/2021\/06\/j.jpg\" \/>\n\t<meta property=\"og:image:width\" content=\"695\" \/>\n\t<meta property=\"og:image:height\" content=\"695\" \/>\n\t<meta property=\"og:image:type\" content=\"image\/jpeg\" \/>\n<meta name=\"twitter:card\" content=\"summary_large_image\" \/>\n<script type=\"application\/ld+json\" class=\"yoast-schema-graph\">{\"@context\":\"https:\\\/\\\/schema.org\",\"@graph\":[{\"@type\":\"WebPage\",\"@id\":\"https:\\\/\\\/www.welovekeys.co.uk\\\/de\\\/produkt\\\/abus-fensterschlussel-ab0198\\\/\",\"url\":\"https:\\\/\\\/www.welovekeys.co.uk\\\/de\\\/produkt\\\/abus-fensterschlussel-ab0198\\\/\",\"name\":\"AB0198 ABUS Fensterschl\u00fcssel f\u00fcr Fenstergriff - We Love Keys\",\"isPartOf\":{\"@id\":\"https:\\\/\\\/www.welovekeys.co.uk\\\/de\\\/#website\"},\"primaryImageOfPage\":{\"@id\":\"https:\\\/\\\/www.welovekeys.co.uk\\\/de\\\/produkt\\\/abus-fensterschlussel-ab0198\\\/#primaryimage\"},\"image\":{\"@id\":\"https:\\\/\\\/www.welovekeys.co.uk\\\/de\\\/produkt\\\/abus-fensterschlussel-ab0198\\\/#primaryimage\"},\"thumbnailUrl\":\"https:\\\/\\\/www.welovekeys.co.uk\\\/wp-content\\\/uploads\\\/2021\\\/06\\\/j.jpg\",\"datePublished\":\"2022-06-09T08:59:47+00:00\",\"dateModified\":\"2022-06-09T09:04:09+00:00\",\"description\":\"Bestellen Sie ABUS Fensterschl\u00fcssel online mit We Love Keys! AB0198-Schl\u00fcssel f\u00fcr abschlie\u00dfbaren Fenstergriff. Niedrige Preise!\",\"breadcrumb\":{\"@id\":\"https:\\\/\\\/www.welovekeys.co.uk\\\/de\\\/produkt\\\/abus-fensterschlussel-ab0198\\\/#breadcrumb\"},\"inLanguage\":\"de\",\"potentialAction\":[{\"@type\":\"ReadAction\",\"target\":[\"https:\\\/\\\/www.welovekeys.co.uk\\\/de\\\/produkt\\\/abus-fensterschlussel-ab0198\\\/\"]}]},{\"@type\":\"ImageObject\",\"inLanguage\":\"de\",\"@id\":\"https:\\\/\\\/www.welovekeys.co.uk\\\/de\\\/produkt\\\/abus-fensterschlussel-ab0198\\\/#primaryimage\",\"url\":\"https:\\\/\\\/www.welovekeys.co.uk\\\/wp-content\\\/uploads\\\/2021\\\/06\\\/j.jpg\",\"contentUrl\":\"https:\\\/\\\/www.welovekeys.co.uk\\\/wp-content\\\/uploads\\\/2021\\\/06\\\/j.jpg\",\"width\":695,\"height\":695,\"caption\":\"ABUS\"},{\"@type\":\"BreadcrumbList\",\"@id\":\"https:\\\/\\\/www.welovekeys.co.uk\\\/de\\\/produkt\\\/abus-fensterschlussel-ab0198\\\/#breadcrumb\",\"itemListElement\":[{\"@type\":\"ListItem\",\"position\":1,\"name\":\"Home\",\"item\":\"https:\\\/\\\/www.welovekeys.co.uk\\\/de\\\/startseite-2\\\/\"},{\"@type\":\"ListItem\",\"position\":2,\"name\":\"Shop\",\"item\":\"https:\\\/\\\/www.welovekeys.co.uk\\\/de\\\/shop\\\/\"},{\"@type\":\"ListItem\",\"position\":3,\"name\":\"ABUS Fensterschl\u00fcssel AB0198\"}]},{\"@type\":\"WebSite\",\"@id\":\"https:\\\/\\\/www.welovekeys.co.uk\\\/de\\\/#website\",\"url\":\"https:\\\/\\\/www.welovekeys.co.uk\\\/de\\\/\",\"name\":\"We Love Keys\",\"description\":\"A marketplace for keys\",\"publisher\":{\"@id\":\"https:\\\/\\\/www.welovekeys.co.uk\\\/de\\\/#organization\"},\"potentialAction\":[{\"@type\":\"SearchAction\",\"target\":{\"@type\":\"EntryPoint\",\"urlTemplate\":\"https:\\\/\\\/www.welovekeys.co.uk\\\/de\\\/?s={search_term_string}\"},\"query-input\":{\"@type\":\"PropertyValueSpecification\",\"valueRequired\":true,\"valueName\":\"search_term_string\"}}],\"inLanguage\":\"de\"},{\"@type\":\"Organization\",\"@id\":\"https:\\\/\\\/www.welovekeys.co.uk\\\/de\\\/#organization\",\"name\":\"We Love Keys\",\"url\":\"https:\\\/\\\/www.welovekeys.co.uk\\\/de\\\/\",\"logo\":{\"@type\":\"ImageObject\",\"inLanguage\":\"de\",\"@id\":\"https:\\\/\\\/www.welovekeys.co.uk\\\/de\\\/#\\\/schema\\\/logo\\\/image\\\/\",\"url\":\"https:\\\/\\\/www.welovekeys.co.uk\\\/wp-content\\\/uploads\\\/2017\\\/06\\\/WE.png\",\"contentUrl\":\"https:\\\/\\\/www.welovekeys.co.uk\\\/wp-content\\\/uploads\\\/2017\\\/06\\\/WE.png\",\"width\":348,\"height\":66,\"caption\":\"We Love Keys\"},\"image\":{\"@id\":\"https:\\\/\\\/www.welovekeys.co.uk\\\/de\\\/#\\\/schema\\\/logo\\\/image\\\/\"}}]}<\/script>\n<!-- \/ Yoast SEO plugin. -->","yoast_head_json":{"title":"AB0198 ABUS Fensterschl\u00fcssel f\u00fcr Fenstergriff - We Love Keys","description":"Bestellen Sie ABUS Fensterschl\u00fcssel online mit We Love Keys! AB0198-Schl\u00fcssel f\u00fcr abschlie\u00dfbaren Fenstergriff. Niedrige Preise!","robots":{"index":"index","follow":"follow","max-snippet":"max-snippet:-1","max-image-preview":"max-image-preview:large","max-video-preview":"max-video-preview:-1"},"canonical":"https:\/\/www.welovekeys.co.uk\/de\/produkt\/abus-fensterschlussel-ab0198\/","og_locale":"de_DE","og_type":"article","og_title":"AB0198 ABUS Fensterschl\u00fcssel f\u00fcr Fenstergriff - We Love Keys","og_description":"Bestellen Sie ABUS Fensterschl\u00fcssel online mit We Love Keys! AB0198-Schl\u00fcssel f\u00fcr abschlie\u00dfbaren Fenstergriff. Niedrige Preise!","og_url":"https:\/\/www.welovekeys.co.uk\/de\/produkt\/abus-fensterschlussel-ab0198\/","og_site_name":"We Love Keys","article_modified_time":"2022-06-09T09:04:09+00:00","og_image":[{"width":695,"height":695,"url":"https:\/\/www.welovekeys.co.uk\/wp-content\/uploads\/2021\/06\/j.jpg","type":"image\/jpeg"}],"twitter_card":"summary_large_image","schema":{"@context":"https:\/\/schema.org","@graph":[{"@type":"WebPage","@id":"https:\/\/www.welovekeys.co.uk\/de\/produkt\/abus-fensterschlussel-ab0198\/","url":"https:\/\/www.welovekeys.co.uk\/de\/produkt\/abus-fensterschlussel-ab0198\/","name":"AB0198 ABUS Fensterschl\u00fcssel f\u00fcr Fenstergriff - We Love Keys","isPartOf":{"@id":"https:\/\/www.welovekeys.co.uk\/de\/#website"},"primaryImageOfPage":{"@id":"https:\/\/www.welovekeys.co.uk\/de\/produkt\/abus-fensterschlussel-ab0198\/#primaryimage"},"image":{"@id":"https:\/\/www.welovekeys.co.uk\/de\/produkt\/abus-fensterschlussel-ab0198\/#primaryimage"},"thumbnailUrl":"https:\/\/www.welovekeys.co.uk\/wp-content\/uploads\/2021\/06\/j.jpg","datePublished":"2022-06-09T08:59:47+00:00","dateModified":"2022-06-09T09:04:09+00:00","description":"Bestellen Sie ABUS Fensterschl\u00fcssel online mit We Love Keys! AB0198-Schl\u00fcssel f\u00fcr abschlie\u00dfbaren Fenstergriff. Niedrige Preise!","breadcrumb":{"@id":"https:\/\/www.welovekeys.co.uk\/de\/produkt\/abus-fensterschlussel-ab0198\/#breadcrumb"},"inLanguage":"de","potentialAction":[{"@type":"ReadAction","target":["https:\/\/www.welovekeys.co.uk\/de\/produkt\/abus-fensterschlussel-ab0198\/"]}]},{"@type":"ImageObject","inLanguage":"de","@id":"https:\/\/www.welovekeys.co.uk\/de\/produkt\/abus-fensterschlussel-ab0198\/#primaryimage","url":"https:\/\/www.welovekeys.co.uk\/wp-content\/uploads\/2021\/06\/j.jpg","contentUrl":"https:\/\/www.welovekeys.co.uk\/wp-content\/uploads\/2021\/06\/j.jpg","width":695,"height":695,"caption":"ABUS"},{"@type":"BreadcrumbList","@id":"https:\/\/www.welovekeys.co.uk\/de\/produkt\/abus-fensterschlussel-ab0198\/#breadcrumb","itemListElement":[{"@type":"ListItem","position":1,"name":"Home","item":"https:\/\/www.welovekeys.co.uk\/de\/startseite-2\/"},{"@type":"ListItem","position":2,"name":"Shop","item":"https:\/\/www.welovekeys.co.uk\/de\/shop\/"},{"@type":"ListItem","position":3,"name":"ABUS Fensterschl\u00fcssel AB0198"}]},{"@type":"WebSite","@id":"https:\/\/www.welovekeys.co.uk\/de\/#website","url":"https:\/\/www.welovekeys.co.uk\/de\/","name":"We Love Keys","description":"A marketplace for keys","publisher":{"@id":"https:\/\/www.welovekeys.co.uk\/de\/#organization"},"potentialAction":[{"@type":"SearchAction","target":{"@type":"EntryPoint","urlTemplate":"https:\/\/www.welovekeys.co.uk\/de\/?s={search_term_string}"},"query-input":{"@type":"PropertyValueSpecification","valueRequired":true,"valueName":"search_term_string"}}],"inLanguage":"de"},{"@type":"Organization","@id":"https:\/\/www.welovekeys.co.uk\/de\/#organization","name":"We Love Keys","url":"https:\/\/www.welovekeys.co.uk\/de\/","logo":{"@type":"ImageObject","inLanguage":"de","@id":"https:\/\/www.welovekeys.co.uk\/de\/#\/schema\/logo\/image\/","url":"https:\/\/www.welovekeys.co.uk\/wp-content\/uploads\/2017\/06\/WE.png","contentUrl":"https:\/\/www.welovekeys.co.uk\/wp-content\/uploads\/2017\/06\/WE.png","width":348,"height":66,"caption":"We Love Keys"},"image":{"@id":"https:\/\/www.welovekeys.co.uk\/de\/#\/schema\/logo\/image\/"}}]}},"_links":{"self":[{"href":"https:\/\/www.welovekeys.co.uk\/de\/wp-json\/wp\/v2\/product\/13234","targetHints":{"allow":["GET"]}}],"collection":[{"href":"https:\/\/www.welovekeys.co.uk\/de\/wp-json\/wp\/v2\/product"}],"about":[{"href":"https:\/\/www.welovekeys.co.uk\/de\/wp-json\/wp\/v2\/types\/product"}],"wp:featuredmedia":[{"embeddable":true,"href":"https:\/\/www.welovekeys.co.uk\/de\/wp-json\/wp\/v2\/media\/9679"}],"wp:attachment":[{"href":"https:\/\/www.welovekeys.co.uk\/de\/wp-json\/wp\/v2\/media?parent=13234"}],"wp:term":[{"taxonomy":"product_brand","embeddable":true,"href":"https:\/\/www.welovekeys.co.uk\/de\/wp-json\/wp\/v2\/product_brand?post=13234"},{"taxonomy":"product_cat","embeddable":true,"href":"https:\/\/www.welovekeys.co.uk\/de\/wp-json\/wp\/v2\/product_cat?post=13234"},{"taxonomy":"product_tag","embeddable":true,"href":"https:\/\/www.welovekeys.co.uk\/de\/wp-json\/wp\/v2\/product_tag?post=13234"}],"curies":[{"name":"wp","href":"https:\/\/api.w.org\/{rel}","templated":true}]}}