{"id":4750,"date":"2020-03-30T15:53:02","date_gmt":"2020-03-30T15:53:02","guid":{"rendered":"https:\/\/www.welovekeys.co.uk\/anleitung-zur-bestellung-von-aufzugs-und-schalterschluessel\/"},"modified":"2020-03-30T15:53:03","modified_gmt":"2020-03-30T15:53:03","slug":"anleitung-zur-bestellung-von-aufzugs-und-schalterschluessel","status":"publish","type":"page","link":"https:\/\/www.welovekeys.co.uk\/de\/anleitung-zur-bestellung-von-aufzugs-und-schalterschluessel\/","title":{"rendered":"Anleitung zur Bestellung von Aufzugs- und Schalterschl\u00fcssel"},"content":{"rendered":"\n[et_pb_section fb_built=&#8220;1&#8243; _builder_version=&#8220;4.0.6&#8243; background_image=&#8220;https:\/\/www.welovekeys.co.uk\/wp-content\/uploads\/2019\/11\/lift.jpg&#8220; custom_margin=&#8220;|||&#8220; custom_padding=&#8220;200px||200px|&#8220; bottom_divider_style=&#8220;mountains2&#8243; bottom_divider_color=&#8220;#ffffff&#8220; hover_enabled=&#8220;0&#8243; background_position=&#8220;bottom_center&#8220;][\/et_pb_section][et_pb_section fb_built=&#8220;1&#8243; _builder_version=&#8220;3.22&#8243; custom_padding=&#8220;0px|0px|54px|0px&#8220;][et_pb_row _builder_version=&#8220;3.25&#8243; background_size=&#8220;initial&#8220; background_position=&#8220;top_left&#8220; background_repeat=&#8220;repeat&#8220;][et_pb_column type=&#8220;4_4&#8243; _builder_version=&#8220;3.25&#8243; custom_padding=&#8220;|||&#8220; custom_padding__hover=&#8220;|||&#8220;][et_pb_text _builder_version=&#8220;4.0.6&#8243; text_font=&#8220;|300|||||||&#8220; text_text_color=&#8220;rgba(0,0,0,0.84)&#8220; text_font_size=&#8220;18px&#8220; text_line_height=&#8220;1.8em&#8220; header_font=&#8220;|600|||||||&#8220; header_text_color=&#8220;#4f4f4f&#8220; header_2_font=&#8220;|300|||||||&#8220; header_2_text_color=&#8220;##4f4f4f&#8220; hover_enabled=&#8220;0&#8243;]<h1>Anleitung zur Bestellung von Aufzugs- und Schalterschl\u00fcssel<img loading=\"lazy\" decoding=\"async\" src=\"https:\/\/www.welovekeys.co.uk\/wp-content\/uploads\/2019\/10\/DOM-Logo.png\" width=\"225\" height=\"115\" alt=\"DOM logo\" class=\"wp-image-3638 alignright size-medium\" \/><\/h1>\r\n<h2>Suchen Sie nach <a href=\"https:\/\/www.welovekeys.co.uk\/de\/aufzugs-und-schalterschluessel\/\" target=\"_blank\" rel=\"noopener noreferrer\">Ersatzschl&uuml;ssel f&uuml;r Schalter<\/a>? Sie sind am richtigen Ort.<\/h2>\r\n<p>Es ist oft eine Herausforderung, Ersatzschalter- oder Aufzugsschl\u00fcssel f\u00fcr Maschinen zu beschaffen. Aus diesem Grund haben wir beschlossen, eine Website einzurichten, um diesen Vorgang erheblich zu vereinfachen.<\/p>\r\n<p>Da es so viele verschiedene Schalterschl\u00fcssel gibt, die f\u00fcr ein so breites Anwendungsspektrum geeignet sind, hielten wir es f\u00fcr n\u00fctzlich, einen Leitfaden f\u00fcr die Auswahl von Produkten aus <span style=\"font-weight:bolder;\"><a href=\"https:\/\/www.welovekeys.co.uk\/de\/aufzugs-und-schalterschluessel\/\" target=\"_blank\" rel=\"noopener noreferrer\">unserem Angebot an Aufzugs- und Schalterschl\u00fcsseln<\/a><\/span> bereitzustellen.<\/p>\r\n<p> Sie k&ouml;nnen uns nat&uuml;rlich zu jeder Zeit unter <span style=\"font-weight:bolder;\"><a href=\"tel:00442076080809\">(+44) 020 7608 0809<\/a><\/span> anrufen, oder uns <span style=\"font-weight:bolder;\"><a href=\"https:\/\/www.welovekeys.co.uk\/de\/impressum\/\">eine Email schreiben<\/a><\/span>, sollten Sie Fragen zu unserem Service haben.<\/p>\r\n<h2 id=\"willyouneed\">Ben\u00f6tigen Sie meinen Schl\u00fcssel zum Kopieren?<\/h2>\r\n<p>Wir ben\u00f6tigen Ihren Schl\u00fcssel nicht zum Kopieren. Das ist die Magie von Schalterschl&uuml;sseln: sie k\u00f6nnen alle aus der Ferne von einer Codenummer hergestellt werden.<\/p>\r\n<p>Wenn Sie also nur noch einen Schl\u00fcssel haben, den Sie jeden Tag benutzen, haben Sie keine Angst! Wir k\u00f6nnen Ihren Schl\u00fcssel herstellen und Ihnen ohne weiteres zusenden.<\/p>\r\n<h2 id=\"codenumbers\">Schl\u00fcssel-Codenummern und wo sie zu finden sind.<\/h2>\r\n<p>Auf den meisten Schalterschl\u00fcsseln ist eine Codenummer markiert. Manchmal ist auf dem Schl\u00fcsselloch auch eine Codenummer markiert.<\/p>\r\n<p><img decoding=\"async\" src=\"https:\/\/www.welovekeys.co.uk\/wp-content\/uploads\/2019\/10\/KABA-Logo-1.png\" width=\"200\" alt=\"KABA logo\" class=\"wp-image-3621 alignright size-medium\" \/>In der Regel ist eine Schl\u00fcssel-Codenummer am Kopf des Schl\u00fcssels markiert. Wenn der Kopf des Schl\u00fcssels aus Kunststoff besteht (obwohl dies bei Schalterschl\u00fcsseln selten der Fall ist), wird der Code normalerweise oben auf den Schl\u00fcsselstiel geschrieben.<\/p>\r\n<p>Wenn Sie sich \u00fcber die Schl\u00fcsselnummer nicht sicher sind, k\u00f6nnen wir den Schl\u00fcssel m\u00f6glicherweise anhand eines Fotos identifizieren. Wenn Sie sich nicht sicher sind, senden Sie ein Foto per E-Mail an <a href=\"mailto:help@welovekeys.co.uk\">help@welovekeys.co.uk<\/a> oder benutzen Sie unser <a target=\"_blank\" href=\"https:\/\/www.welovekeys.co.uk\/de\/produkt\/ich-weis-nicht-welchen-schalterschlussel-zu-wahlen\/\" rel=\"noopener noreferrer\">Tool zum Hochladen von Fotos<\/a>.<\/p>\r\n<p>M\u00f6glicherweise haben Sie keine Schl\u00fcssel mehr. In diesem Fall sollten Sie in der Dokumentation, die mit der Maschine oder dem Aufzug geliefert wurde, nachsehen, ob eine Teilenummer f\u00fcr Ersatzschl\u00fcssel aufgef\u00fchrt ist. Anhand dieser Teilenummer k\u00f6nnen wir h\u00e4ufig erkennen, welchen Schl\u00fcssel Sie ben\u00f6tigen.<\/p>\r\n<h2 id=\"nocode\">Was ist, wenn ich meinen Schl\u00fcsselcode nicht finden kann?<\/h2>\r\n<p>In einigen F\u00e4llen k\u00f6nnen wir einen Schl\u00fcssel einfach aus einem Foto erstellen. Verwenden Sie unser <a href=\"https:\/\/www.welovekeys.co.uk\/de\/hilfe\/\" rel=\"noopener noreferrer\" target=\"_blank\"><span style=\"font-weight:bolder;\">Formular zum Hochladen von Fotos<\/span><\/a>, um uns ein paar Bilder Ihres Schl\u00fcssels zu senden, und wir werden uns mit einer L\u00f6sung bei Ihnen melden.<\/p>[\/et_pb_text][\/et_pb_column][\/et_pb_row][\/et_pb_section]\n","protected":false},"excerpt":{"rendered":"<p>Anleitung zur Bestellung von Aufzugs- und Schalterschl\u00fcssel Suchen Sie nach Ersatzschl&uuml;ssel f&uuml;r Schalter? Sie sind am richtigen Ort. Es ist oft eine Herausforderung, Ersatzschalter- oder Aufzugsschl\u00fcssel f\u00fcr Maschinen zu beschaffen. Aus diesem Grund haben wir beschlossen, eine Website einzurichten, um diesen Vorgang erheblich zu vereinfachen. Da es so viele verschiedene Schalterschl\u00fcssel gibt, die f\u00fcr ein [&hellip;]<\/p>\n","protected":false},"author":3,"featured_media":0,"parent":0,"menu_order":0,"comment_status":"closed","ping_status":"closed","template":"","meta":{"_et_pb_use_builder":"on","_et_pb_old_content":"","_et_gb_content_width":"","footnotes":""},"class_list":["post-4750","page","type-page","status-publish","hentry"],"yoast_head":"<!-- This site is optimized with the Yoast SEO plugin v27.4 - https:\/\/yoast.com\/product\/yoast-seo-wordpress\/ -->\n<title>Anleitung zur Bestellung von Aufzugs- und Schalterschl\u00fcssel - We Love Keys<\/title>\n<meta name=\"description\" content=\"Auf dieser Seite wird genau erkl\u00e4rt, wie Sie Ersatzschl\u00fcssel f\u00fcr Ihren Aufzug und f\u00fcr alle vorhandenen Maschinenschalter identifizieren und bestellen.\" \/>\n<meta name=\"robots\" content=\"index, follow, max-snippet:-1, max-image-preview:large, max-video-preview:-1\" \/>\n<link rel=\"canonical\" href=\"https:\/\/www.welovekeys.co.uk\/de\/anleitung-zur-bestellung-von-aufzugs-und-schalterschluessel\/\" \/>\n<meta property=\"og:locale\" content=\"de_DE\" \/>\n<meta property=\"og:type\" content=\"article\" \/>\n<meta property=\"og:title\" content=\"Anleitung zur Bestellung von Aufzugs- und Schalterschl\u00fcssel - We Love Keys\" \/>\n<meta property=\"og:description\" content=\"Auf dieser Seite wird genau erkl\u00e4rt, wie Sie Ersatzschl\u00fcssel f\u00fcr Ihren Aufzug und f\u00fcr alle vorhandenen Maschinenschalter identifizieren und bestellen.\" \/>\n<meta property=\"og:url\" content=\"https:\/\/www.welovekeys.co.uk\/de\/anleitung-zur-bestellung-von-aufzugs-und-schalterschluessel\/\" \/>\n<meta property=\"og:site_name\" content=\"We Love Keys\" \/>\n<meta property=\"article:modified_time\" content=\"2020-03-30T15:53:03+00:00\" \/>\n<meta property=\"og:image\" content=\"https:\/\/www.welovekeys.co.uk\/wp-content\/uploads\/2019\/10\/DOM-Logo.png\" \/>\n<meta name=\"twitter:card\" content=\"summary_large_image\" \/>\n<meta name=\"twitter:label1\" content=\"Gesch\u00e4tzte Lesezeit\" \/>\n\t<meta name=\"twitter:data1\" content=\"3\u00a0Minuten\" \/>\n<script type=\"application\/ld+json\" class=\"yoast-schema-graph\">{\"@context\":\"https:\\\/\\\/schema.org\",\"@graph\":[{\"@type\":\"WebPage\",\"@id\":\"https:\\\/\\\/www.welovekeys.co.uk\\\/de\\\/anleitung-zur-bestellung-von-aufzugs-und-schalterschluessel\\\/\",\"url\":\"https:\\\/\\\/www.welovekeys.co.uk\\\/de\\\/anleitung-zur-bestellung-von-aufzugs-und-schalterschluessel\\\/\",\"name\":\"Anleitung zur Bestellung von Aufzugs- und Schalterschl\u00fcssel - We Love Keys\",\"isPartOf\":{\"@id\":\"https:\\\/\\\/www.welovekeys.co.uk\\\/de\\\/#website\"},\"primaryImageOfPage\":{\"@id\":\"https:\\\/\\\/www.welovekeys.co.uk\\\/de\\\/anleitung-zur-bestellung-von-aufzugs-und-schalterschluessel\\\/#primaryimage\"},\"image\":{\"@id\":\"https:\\\/\\\/www.welovekeys.co.uk\\\/de\\\/anleitung-zur-bestellung-von-aufzugs-und-schalterschluessel\\\/#primaryimage\"},\"thumbnailUrl\":\"https:\\\/\\\/www.welovekeys.co.uk\\\/wp-content\\\/uploads\\\/2019\\\/10\\\/DOM-Logo.png\",\"datePublished\":\"2020-03-30T15:53:02+00:00\",\"dateModified\":\"2020-03-30T15:53:03+00:00\",\"description\":\"Auf dieser Seite wird genau erkl\u00e4rt, wie Sie Ersatzschl\u00fcssel f\u00fcr Ihren Aufzug und f\u00fcr alle vorhandenen Maschinenschalter identifizieren und bestellen.\",\"breadcrumb\":{\"@id\":\"https:\\\/\\\/www.welovekeys.co.uk\\\/de\\\/anleitung-zur-bestellung-von-aufzugs-und-schalterschluessel\\\/#breadcrumb\"},\"inLanguage\":\"de\",\"potentialAction\":[{\"@type\":\"ReadAction\",\"target\":[\"https:\\\/\\\/www.welovekeys.co.uk\\\/de\\\/anleitung-zur-bestellung-von-aufzugs-und-schalterschluessel\\\/\"]}]},{\"@type\":\"ImageObject\",\"inLanguage\":\"de\",\"@id\":\"https:\\\/\\\/www.welovekeys.co.uk\\\/de\\\/anleitung-zur-bestellung-von-aufzugs-und-schalterschluessel\\\/#primaryimage\",\"url\":\"https:\\\/\\\/www.welovekeys.co.uk\\\/wp-content\\\/uploads\\\/2019\\\/10\\\/DOM-Logo.png\",\"contentUrl\":\"https:\\\/\\\/www.welovekeys.co.uk\\\/wp-content\\\/uploads\\\/2019\\\/10\\\/DOM-Logo.png\"},{\"@type\":\"BreadcrumbList\",\"@id\":\"https:\\\/\\\/www.welovekeys.co.uk\\\/de\\\/anleitung-zur-bestellung-von-aufzugs-und-schalterschluessel\\\/#breadcrumb\",\"itemListElement\":[{\"@type\":\"ListItem\",\"position\":1,\"name\":\"Home\",\"item\":\"https:\\\/\\\/www.welovekeys.co.uk\\\/de\\\/startseite-2\\\/\"},{\"@type\":\"ListItem\",\"position\":2,\"name\":\"Anleitung zur Bestellung von Aufzugs- und Schalterschl\u00fcssel\"}]},{\"@type\":\"WebSite\",\"@id\":\"https:\\\/\\\/www.welovekeys.co.uk\\\/de\\\/#website\",\"url\":\"https:\\\/\\\/www.welovekeys.co.uk\\\/de\\\/\",\"name\":\"We Love Keys\",\"description\":\"A marketplace for keys\",\"publisher\":{\"@id\":\"https:\\\/\\\/www.welovekeys.co.uk\\\/de\\\/#organization\"},\"potentialAction\":[{\"@type\":\"SearchAction\",\"target\":{\"@type\":\"EntryPoint\",\"urlTemplate\":\"https:\\\/\\\/www.welovekeys.co.uk\\\/de\\\/?s={search_term_string}\"},\"query-input\":{\"@type\":\"PropertyValueSpecification\",\"valueRequired\":true,\"valueName\":\"search_term_string\"}}],\"inLanguage\":\"de\"},{\"@type\":\"Organization\",\"@id\":\"https:\\\/\\\/www.welovekeys.co.uk\\\/de\\\/#organization\",\"name\":\"We Love Keys\",\"url\":\"https:\\\/\\\/www.welovekeys.co.uk\\\/de\\\/\",\"logo\":{\"@type\":\"ImageObject\",\"inLanguage\":\"de\",\"@id\":\"https:\\\/\\\/www.welovekeys.co.uk\\\/de\\\/#\\\/schema\\\/logo\\\/image\\\/\",\"url\":\"https:\\\/\\\/www.welovekeys.co.uk\\\/wp-content\\\/uploads\\\/2017\\\/06\\\/WE.png\",\"contentUrl\":\"https:\\\/\\\/www.welovekeys.co.uk\\\/wp-content\\\/uploads\\\/2017\\\/06\\\/WE.png\",\"width\":348,\"height\":66,\"caption\":\"We Love Keys\"},\"image\":{\"@id\":\"https:\\\/\\\/www.welovekeys.co.uk\\\/de\\\/#\\\/schema\\\/logo\\\/image\\\/\"}}]}<\/script>\n<!-- \/ Yoast SEO plugin. -->","yoast_head_json":{"title":"Anleitung zur Bestellung von Aufzugs- und Schalterschl\u00fcssel - We Love Keys","description":"Auf dieser Seite wird genau erkl\u00e4rt, wie Sie Ersatzschl\u00fcssel f\u00fcr Ihren Aufzug und f\u00fcr alle vorhandenen Maschinenschalter identifizieren und bestellen.","robots":{"index":"index","follow":"follow","max-snippet":"max-snippet:-1","max-image-preview":"max-image-preview:large","max-video-preview":"max-video-preview:-1"},"canonical":"https:\/\/www.welovekeys.co.uk\/de\/anleitung-zur-bestellung-von-aufzugs-und-schalterschluessel\/","og_locale":"de_DE","og_type":"article","og_title":"Anleitung zur Bestellung von Aufzugs- und Schalterschl\u00fcssel - We Love Keys","og_description":"Auf dieser Seite wird genau erkl\u00e4rt, wie Sie Ersatzschl\u00fcssel f\u00fcr Ihren Aufzug und f\u00fcr alle vorhandenen Maschinenschalter identifizieren und bestellen.","og_url":"https:\/\/www.welovekeys.co.uk\/de\/anleitung-zur-bestellung-von-aufzugs-und-schalterschluessel\/","og_site_name":"We Love Keys","article_modified_time":"2020-03-30T15:53:03+00:00","og_image":[{"url":"https:\/\/www.welovekeys.co.uk\/wp-content\/uploads\/2019\/10\/DOM-Logo.png","type":"","width":"","height":""}],"twitter_card":"summary_large_image","twitter_misc":{"Gesch\u00e4tzte Lesezeit":"3\u00a0Minuten"},"schema":{"@context":"https:\/\/schema.org","@graph":[{"@type":"WebPage","@id":"https:\/\/www.welovekeys.co.uk\/de\/anleitung-zur-bestellung-von-aufzugs-und-schalterschluessel\/","url":"https:\/\/www.welovekeys.co.uk\/de\/anleitung-zur-bestellung-von-aufzugs-und-schalterschluessel\/","name":"Anleitung zur Bestellung von Aufzugs- und Schalterschl\u00fcssel - We Love Keys","isPartOf":{"@id":"https:\/\/www.welovekeys.co.uk\/de\/#website"},"primaryImageOfPage":{"@id":"https:\/\/www.welovekeys.co.uk\/de\/anleitung-zur-bestellung-von-aufzugs-und-schalterschluessel\/#primaryimage"},"image":{"@id":"https:\/\/www.welovekeys.co.uk\/de\/anleitung-zur-bestellung-von-aufzugs-und-schalterschluessel\/#primaryimage"},"thumbnailUrl":"https:\/\/www.welovekeys.co.uk\/wp-content\/uploads\/2019\/10\/DOM-Logo.png","datePublished":"2020-03-30T15:53:02+00:00","dateModified":"2020-03-30T15:53:03+00:00","description":"Auf dieser Seite wird genau erkl\u00e4rt, wie Sie Ersatzschl\u00fcssel f\u00fcr Ihren Aufzug und f\u00fcr alle vorhandenen Maschinenschalter identifizieren und bestellen.","breadcrumb":{"@id":"https:\/\/www.welovekeys.co.uk\/de\/anleitung-zur-bestellung-von-aufzugs-und-schalterschluessel\/#breadcrumb"},"inLanguage":"de","potentialAction":[{"@type":"ReadAction","target":["https:\/\/www.welovekeys.co.uk\/de\/anleitung-zur-bestellung-von-aufzugs-und-schalterschluessel\/"]}]},{"@type":"ImageObject","inLanguage":"de","@id":"https:\/\/www.welovekeys.co.uk\/de\/anleitung-zur-bestellung-von-aufzugs-und-schalterschluessel\/#primaryimage","url":"https:\/\/www.welovekeys.co.uk\/wp-content\/uploads\/2019\/10\/DOM-Logo.png","contentUrl":"https:\/\/www.welovekeys.co.uk\/wp-content\/uploads\/2019\/10\/DOM-Logo.png"},{"@type":"BreadcrumbList","@id":"https:\/\/www.welovekeys.co.uk\/de\/anleitung-zur-bestellung-von-aufzugs-und-schalterschluessel\/#breadcrumb","itemListElement":[{"@type":"ListItem","position":1,"name":"Home","item":"https:\/\/www.welovekeys.co.uk\/de\/startseite-2\/"},{"@type":"ListItem","position":2,"name":"Anleitung zur Bestellung von Aufzugs- und Schalterschl\u00fcssel"}]},{"@type":"WebSite","@id":"https:\/\/www.welovekeys.co.uk\/de\/#website","url":"https:\/\/www.welovekeys.co.uk\/de\/","name":"We Love Keys","description":"A marketplace for keys","publisher":{"@id":"https:\/\/www.welovekeys.co.uk\/de\/#organization"},"potentialAction":[{"@type":"SearchAction","target":{"@type":"EntryPoint","urlTemplate":"https:\/\/www.welovekeys.co.uk\/de\/?s={search_term_string}"},"query-input":{"@type":"PropertyValueSpecification","valueRequired":true,"valueName":"search_term_string"}}],"inLanguage":"de"},{"@type":"Organization","@id":"https:\/\/www.welovekeys.co.uk\/de\/#organization","name":"We Love Keys","url":"https:\/\/www.welovekeys.co.uk\/de\/","logo":{"@type":"ImageObject","inLanguage":"de","@id":"https:\/\/www.welovekeys.co.uk\/de\/#\/schema\/logo\/image\/","url":"https:\/\/www.welovekeys.co.uk\/wp-content\/uploads\/2017\/06\/WE.png","contentUrl":"https:\/\/www.welovekeys.co.uk\/wp-content\/uploads\/2017\/06\/WE.png","width":348,"height":66,"caption":"We Love Keys"},"image":{"@id":"https:\/\/www.welovekeys.co.uk\/de\/#\/schema\/logo\/image\/"}}]}},"_links":{"self":[{"href":"https:\/\/www.welovekeys.co.uk\/de\/wp-json\/wp\/v2\/pages\/4750","targetHints":{"allow":["GET"]}}],"collection":[{"href":"https:\/\/www.welovekeys.co.uk\/de\/wp-json\/wp\/v2\/pages"}],"about":[{"href":"https:\/\/www.welovekeys.co.uk\/de\/wp-json\/wp\/v2\/types\/page"}],"author":[{"embeddable":true,"href":"https:\/\/www.welovekeys.co.uk\/de\/wp-json\/wp\/v2\/users\/3"}],"replies":[{"embeddable":true,"href":"https:\/\/www.welovekeys.co.uk\/de\/wp-json\/wp\/v2\/comments?post=4750"}],"version-history":[{"count":0,"href":"https:\/\/www.welovekeys.co.uk\/de\/wp-json\/wp\/v2\/pages\/4750\/revisions"}],"wp:attachment":[{"href":"https:\/\/www.welovekeys.co.uk\/de\/wp-json\/wp\/v2\/media?parent=4750"}],"curies":[{"name":"wp","href":"https:\/\/api.w.org\/{rel}","templated":true}]}}