{"id":4735,"date":"2020-03-27T15:10:45","date_gmt":"2020-03-27T15:10:45","guid":{"rendered":"https:\/\/www.welovekeys.co.uk\/ich-habe-meinen-abus-schluessel-verloren-was-soll-ich-tun\/"},"modified":"2020-03-27T15:10:46","modified_gmt":"2020-03-27T15:10:46","slug":"ich-habe-meinen-abus-schluessel-verloren-was-soll-ich-tun","status":"publish","type":"page","link":"https:\/\/www.welovekeys.co.uk\/de\/ich-habe-meinen-abus-schluessel-verloren-was-soll-ich-tun\/","title":{"rendered":"&#8222;Ich habe meinen ABUS-Schl\u00fcssel verloren! Was soll ich tun?&#8220;"},"content":{"rendered":"<p>[et_pb_section fb_built=&#8220;1&#8243; _builder_version=&#8220;3.22&#8243; background_image=&#8220;https:\/\/www.welovekeys.co.uk\/wp-content\/uploads\/2017\/07\/Abus-keys.jpeg&#8220; custom_margin=&#8220;|||&#8220; custom_padding=&#8220;200px||200px|&#8220; bottom_divider_style=&#8220;mountains2&#8243; bottom_divider_color=&#8220;#ffffff&#8220;][\/et_pb_section][et_pb_section fb_built=&#8220;1&#8243; _builder_version=&#8220;3.22&#8243; custom_padding=&#8220;0px|0px|54px|0px&#8220;][et_pb_row _builder_version=&#8220;3.25&#8243; background_size=&#8220;initial&#8220; background_position=&#8220;top_left&#8220; background_repeat=&#8220;repeat&#8220;][et_pb_column type=&#8220;4_4&#8243; _builder_version=&#8220;3.25&#8243; custom_padding=&#8220;|||&#8220; custom_padding__hover=&#8220;|||&#8220;][et_pb_text _builder_version=&#8220;4.0.7&#8243; text_font=&#8220;|300|||||||&#8220; text_text_color=&#8220;rgba(0,0,0,0.84)&#8220; text_font_size=&#8220;18px&#8220; text_line_height=&#8220;1.8em&#8220; header_font=&#8220;|600|||||||&#8220; header_text_color=&#8220;#4f4f4f&#8220; header_2_font=&#8220;|300|||||||&#8220; header_2_text_color=&#8220;##4f4f4f&#8220; hover_enabled=&#8220;0&#8243;]<\/p>\n<h1>&rdquo;&#8220;Ich habe meinen ABUS-Schl\u00fcssel verloren! Was soll ich tun?&#8220;&ldquo;<\/h1>\n<p><img loading=\"lazy\" decoding=\"async\" src=\"https:\/\/www.welovekeys.co.uk\/wp-content\/uploads\/2018\/01\/ABUS_Logo.svg_-300x96.png\" width=\"300\" height=\"96\" alt=\"ABUS Logo\" class=\"wp-image-742 alignright size-medium\" srcset=\"https:\/\/www.welovekeys.co.uk\/wp-content\/uploads\/2018\/01\/ABUS_Logo.svg_-300x96.png 300w, https:\/\/www.welovekeys.co.uk\/wp-content\/uploads\/2018\/01\/ABUS_Logo.svg_-510x163.png 510w, https:\/\/www.welovekeys.co.uk\/wp-content\/uploads\/2018\/01\/ABUS_Logo.svg_-768x245.png 768w, https:\/\/www.welovekeys.co.uk\/wp-content\/uploads\/2018\/01\/ABUS_Logo.svg_-610x194.png 610w, https:\/\/www.welovekeys.co.uk\/wp-content\/uploads\/2018\/01\/ABUS_Logo.svg_.png 985w\" sizes=\"(max-width: 300px) 100vw, 300px\" \/><\/p>\n<h2>Sie k\u00f6nnen Ihren ABUS-Schl\u00fcssel nicht finden? Hier sind Ihre Optionen.<\/h2>\n<p>Es ist nicht immer das Ende der Welt, wenn Sie Ihren ABUS-Schl\u00fcssel nicht finden k\u00f6nnen. Die meisten Schl\u00f6sser werden mit einer <span style=\"font-weight:bolder;\"><a href=\"https:\/\/www.welovekeys.co.uk\/de\/abus-codekarten\/\">Codekarte<\/a><\/span> geliefert. Wir k\u00f6nnen Schl\u00fcssel normalerweise nur anhand der Nummer auf der Codekarte liefern, insbesondere bei ABUS Plus- und ABUS X-Plus-Schl\u00fcsseln (in Granit-Schl\u00f6ssern und Vorh\u00e4ngeschl\u00f6ssern enthalten).<\/p>\n<p>Wenn Sie jedoch nicht das Gl\u00fcck haben, Ihre Codekarte zu haben, ist dies so ziemlich das Ende des Weges. ABUS stempelt niemals Schl\u00fcsselcode-Nummern auf seine Schl\u00f6sser, nur auf einige seiner Schl\u00fcssel. Dies bedeutet, dass es ohne Codekarte oder Foto eines Schl\u00fcssels keine Informationen gibt, aus denen wir Ersatzschl\u00fcssel herstellen k\u00f6nnen.<\/p>\n<h2>Wenn Sie sich \u00fcber irgendetwas nicht sicher sind oder nicht sicher sind, ob die Codekarte, die Sie haben, zu dem Schloss passt, f\u00fcr das Sie einen Schl\u00fcssel ben\u00f6tigen, k\u00f6nnen Sie sich gerne an uns wenden:<\/h2>\n<ul>\n<li>Rufen Sie uns unter <span style=\"font-weight:bolder;\"><a href=\"tel:00442076080809\">(+44) 020 7608 0809<\/a><\/span> an.<\/li>\n<li>Laden Sie ein Foto mit unserem <span style=\"font-weight:bolder;\"><a href=\"https:\/\/www.welovekeys.co.uk\/de\/hilfe\/\">Fotoformular<\/a><\/span> hoch.<\/li>\n<li>Schicken Sie eine Email an <span style=\"font-weight:bolder;\"><a href=\"mailto:help@welovekeys.co.uk\">help@welovekeys.co.uk<\/a><\/span>.<\/li>\n<\/ul>\n<p>[\/et_pb_text][\/et_pb_column][\/et_pb_row][\/et_pb_section]<\/p>\n","protected":false},"excerpt":{"rendered":"<p>&rdquo;&#8220;Ich habe meinen ABUS-Schl\u00fcssel verloren! Was soll ich tun?&#8220;&ldquo; Sie k\u00f6nnen Ihren ABUS-Schl\u00fcssel nicht finden? Hier sind Ihre Optionen. Es ist nicht immer das Ende der Welt, wenn Sie Ihren ABUS-Schl\u00fcssel nicht finden k\u00f6nnen. Die meisten Schl\u00f6sser werden mit einer Codekarte geliefert. Wir k\u00f6nnen Schl\u00fcssel normalerweise nur anhand der Nummer auf der Codekarte liefern, insbesondere [&hellip;]<\/p>\n","protected":false},"author":3,"featured_media":0,"parent":0,"menu_order":0,"comment_status":"closed","ping_status":"closed","template":"","meta":{"_et_pb_use_builder":"on","_et_pb_old_content":"","_et_gb_content_width":"","footnotes":""},"class_list":["post-4735","page","type-page","status-publish","hentry"],"yoast_head":"<!-- This site is optimized with the Yoast SEO plugin v27.4 - https:\/\/yoast.com\/product\/yoast-seo-wordpress\/ -->\n<title>&quot;Ich habe meinen ABUS-Schl\u00fcssel verloren! Was soll ich tun?&quot; - We Love Keys<\/title>\n<meta name=\"robots\" content=\"index, follow, max-snippet:-1, max-image-preview:large, max-video-preview:-1\" \/>\n<link rel=\"canonical\" href=\"https:\/\/www.welovekeys.co.uk\/de\/ich-habe-meinen-abus-schluessel-verloren-was-soll-ich-tun\/\" \/>\n<meta property=\"og:locale\" content=\"de_DE\" \/>\n<meta property=\"og:type\" content=\"article\" \/>\n<meta property=\"og:title\" content=\"&quot;Ich habe meinen ABUS-Schl\u00fcssel verloren! Was soll ich tun?&quot; - We Love Keys\" \/>\n<meta property=\"og:description\" content=\"&rdquo;&quot;Ich habe meinen ABUS-Schl\u00fcssel verloren! Was soll ich tun?&quot;&ldquo; Sie k\u00f6nnen Ihren ABUS-Schl\u00fcssel nicht finden? Hier sind Ihre Optionen. Es ist nicht immer das Ende der Welt, wenn Sie Ihren ABUS-Schl\u00fcssel nicht finden k\u00f6nnen. Die meisten Schl\u00f6sser werden mit einer Codekarte geliefert. Wir k\u00f6nnen Schl\u00fcssel normalerweise nur anhand der Nummer auf der Codekarte liefern, insbesondere [&hellip;]\" \/>\n<meta property=\"og:url\" content=\"https:\/\/www.welovekeys.co.uk\/de\/ich-habe-meinen-abus-schluessel-verloren-was-soll-ich-tun\/\" \/>\n<meta property=\"og:site_name\" content=\"We Love Keys\" \/>\n<meta property=\"article:modified_time\" content=\"2020-03-27T15:10:46+00:00\" \/>\n<meta property=\"og:image\" content=\"https:\/\/www.welovekeys.co.uk\/wp-content\/uploads\/2018\/01\/ABUS_Logo.svg_-300x96.png\" \/>\n<meta name=\"twitter:card\" content=\"summary_large_image\" \/>\n<meta name=\"twitter:label1\" content=\"Gesch\u00e4tzte Lesezeit\" \/>\n\t<meta name=\"twitter:data1\" content=\"2\u00a0Minuten\" \/>\n<script type=\"application\/ld+json\" class=\"yoast-schema-graph\">{\"@context\":\"https:\\\/\\\/schema.org\",\"@graph\":[{\"@type\":\"WebPage\",\"@id\":\"https:\\\/\\\/www.welovekeys.co.uk\\\/de\\\/ich-habe-meinen-abus-schluessel-verloren-was-soll-ich-tun\\\/\",\"url\":\"https:\\\/\\\/www.welovekeys.co.uk\\\/de\\\/ich-habe-meinen-abus-schluessel-verloren-was-soll-ich-tun\\\/\",\"name\":\"\\\"Ich habe meinen ABUS-Schl\u00fcssel verloren! Was soll ich tun?\\\" - We Love Keys\",\"isPartOf\":{\"@id\":\"https:\\\/\\\/www.welovekeys.co.uk\\\/de\\\/#website\"},\"primaryImageOfPage\":{\"@id\":\"https:\\\/\\\/www.welovekeys.co.uk\\\/de\\\/ich-habe-meinen-abus-schluessel-verloren-was-soll-ich-tun\\\/#primaryimage\"},\"image\":{\"@id\":\"https:\\\/\\\/www.welovekeys.co.uk\\\/de\\\/ich-habe-meinen-abus-schluessel-verloren-was-soll-ich-tun\\\/#primaryimage\"},\"thumbnailUrl\":\"https:\\\/\\\/www.welovekeys.co.uk\\\/wp-content\\\/uploads\\\/2018\\\/01\\\/ABUS_Logo.svg_-300x96.png\",\"datePublished\":\"2020-03-27T15:10:45+00:00\",\"dateModified\":\"2020-03-27T15:10:46+00:00\",\"breadcrumb\":{\"@id\":\"https:\\\/\\\/www.welovekeys.co.uk\\\/de\\\/ich-habe-meinen-abus-schluessel-verloren-was-soll-ich-tun\\\/#breadcrumb\"},\"inLanguage\":\"de\",\"potentialAction\":[{\"@type\":\"ReadAction\",\"target\":[\"https:\\\/\\\/www.welovekeys.co.uk\\\/de\\\/ich-habe-meinen-abus-schluessel-verloren-was-soll-ich-tun\\\/\"]}]},{\"@type\":\"ImageObject\",\"inLanguage\":\"de\",\"@id\":\"https:\\\/\\\/www.welovekeys.co.uk\\\/de\\\/ich-habe-meinen-abus-schluessel-verloren-was-soll-ich-tun\\\/#primaryimage\",\"url\":\"https:\\\/\\\/www.welovekeys.co.uk\\\/wp-content\\\/uploads\\\/2018\\\/01\\\/ABUS_Logo.svg_-300x96.png\",\"contentUrl\":\"https:\\\/\\\/www.welovekeys.co.uk\\\/wp-content\\\/uploads\\\/2018\\\/01\\\/ABUS_Logo.svg_-300x96.png\"},{\"@type\":\"BreadcrumbList\",\"@id\":\"https:\\\/\\\/www.welovekeys.co.uk\\\/de\\\/ich-habe-meinen-abus-schluessel-verloren-was-soll-ich-tun\\\/#breadcrumb\",\"itemListElement\":[{\"@type\":\"ListItem\",\"position\":1,\"name\":\"Home\",\"item\":\"https:\\\/\\\/www.welovekeys.co.uk\\\/de\\\/startseite-2\\\/\"},{\"@type\":\"ListItem\",\"position\":2,\"name\":\"&#8220;Ich habe meinen ABUS-Schl\u00fcssel verloren! Was soll ich tun?&#8221;\"}]},{\"@type\":\"WebSite\",\"@id\":\"https:\\\/\\\/www.welovekeys.co.uk\\\/de\\\/#website\",\"url\":\"https:\\\/\\\/www.welovekeys.co.uk\\\/de\\\/\",\"name\":\"We Love Keys\",\"description\":\"A marketplace for keys\",\"publisher\":{\"@id\":\"https:\\\/\\\/www.welovekeys.co.uk\\\/de\\\/#organization\"},\"potentialAction\":[{\"@type\":\"SearchAction\",\"target\":{\"@type\":\"EntryPoint\",\"urlTemplate\":\"https:\\\/\\\/www.welovekeys.co.uk\\\/de\\\/?s={search_term_string}\"},\"query-input\":{\"@type\":\"PropertyValueSpecification\",\"valueRequired\":true,\"valueName\":\"search_term_string\"}}],\"inLanguage\":\"de\"},{\"@type\":\"Organization\",\"@id\":\"https:\\\/\\\/www.welovekeys.co.uk\\\/de\\\/#organization\",\"name\":\"We Love Keys\",\"url\":\"https:\\\/\\\/www.welovekeys.co.uk\\\/de\\\/\",\"logo\":{\"@type\":\"ImageObject\",\"inLanguage\":\"de\",\"@id\":\"https:\\\/\\\/www.welovekeys.co.uk\\\/de\\\/#\\\/schema\\\/logo\\\/image\\\/\",\"url\":\"https:\\\/\\\/www.welovekeys.co.uk\\\/wp-content\\\/uploads\\\/2017\\\/06\\\/WE.png\",\"contentUrl\":\"https:\\\/\\\/www.welovekeys.co.uk\\\/wp-content\\\/uploads\\\/2017\\\/06\\\/WE.png\",\"width\":348,\"height\":66,\"caption\":\"We Love Keys\"},\"image\":{\"@id\":\"https:\\\/\\\/www.welovekeys.co.uk\\\/de\\\/#\\\/schema\\\/logo\\\/image\\\/\"}}]}<\/script>\n<!-- \/ Yoast SEO plugin. -->","yoast_head_json":{"title":"\"Ich habe meinen ABUS-Schl\u00fcssel verloren! Was soll ich tun?\" - We Love Keys","robots":{"index":"index","follow":"follow","max-snippet":"max-snippet:-1","max-image-preview":"max-image-preview:large","max-video-preview":"max-video-preview:-1"},"canonical":"https:\/\/www.welovekeys.co.uk\/de\/ich-habe-meinen-abus-schluessel-verloren-was-soll-ich-tun\/","og_locale":"de_DE","og_type":"article","og_title":"\"Ich habe meinen ABUS-Schl\u00fcssel verloren! Was soll ich tun?\" - We Love Keys","og_description":"&rdquo;\"Ich habe meinen ABUS-Schl\u00fcssel verloren! Was soll ich tun?\"&ldquo; Sie k\u00f6nnen Ihren ABUS-Schl\u00fcssel nicht finden? Hier sind Ihre Optionen. Es ist nicht immer das Ende der Welt, wenn Sie Ihren ABUS-Schl\u00fcssel nicht finden k\u00f6nnen. Die meisten Schl\u00f6sser werden mit einer Codekarte geliefert. Wir k\u00f6nnen Schl\u00fcssel normalerweise nur anhand der Nummer auf der Codekarte liefern, insbesondere [&hellip;]","og_url":"https:\/\/www.welovekeys.co.uk\/de\/ich-habe-meinen-abus-schluessel-verloren-was-soll-ich-tun\/","og_site_name":"We Love Keys","article_modified_time":"2020-03-27T15:10:46+00:00","og_image":[{"url":"https:\/\/www.welovekeys.co.uk\/wp-content\/uploads\/2018\/01\/ABUS_Logo.svg_-300x96.png","type":"","width":"","height":""}],"twitter_card":"summary_large_image","twitter_misc":{"Gesch\u00e4tzte Lesezeit":"2\u00a0Minuten"},"schema":{"@context":"https:\/\/schema.org","@graph":[{"@type":"WebPage","@id":"https:\/\/www.welovekeys.co.uk\/de\/ich-habe-meinen-abus-schluessel-verloren-was-soll-ich-tun\/","url":"https:\/\/www.welovekeys.co.uk\/de\/ich-habe-meinen-abus-schluessel-verloren-was-soll-ich-tun\/","name":"\"Ich habe meinen ABUS-Schl\u00fcssel verloren! Was soll ich tun?\" - We Love Keys","isPartOf":{"@id":"https:\/\/www.welovekeys.co.uk\/de\/#website"},"primaryImageOfPage":{"@id":"https:\/\/www.welovekeys.co.uk\/de\/ich-habe-meinen-abus-schluessel-verloren-was-soll-ich-tun\/#primaryimage"},"image":{"@id":"https:\/\/www.welovekeys.co.uk\/de\/ich-habe-meinen-abus-schluessel-verloren-was-soll-ich-tun\/#primaryimage"},"thumbnailUrl":"https:\/\/www.welovekeys.co.uk\/wp-content\/uploads\/2018\/01\/ABUS_Logo.svg_-300x96.png","datePublished":"2020-03-27T15:10:45+00:00","dateModified":"2020-03-27T15:10:46+00:00","breadcrumb":{"@id":"https:\/\/www.welovekeys.co.uk\/de\/ich-habe-meinen-abus-schluessel-verloren-was-soll-ich-tun\/#breadcrumb"},"inLanguage":"de","potentialAction":[{"@type":"ReadAction","target":["https:\/\/www.welovekeys.co.uk\/de\/ich-habe-meinen-abus-schluessel-verloren-was-soll-ich-tun\/"]}]},{"@type":"ImageObject","inLanguage":"de","@id":"https:\/\/www.welovekeys.co.uk\/de\/ich-habe-meinen-abus-schluessel-verloren-was-soll-ich-tun\/#primaryimage","url":"https:\/\/www.welovekeys.co.uk\/wp-content\/uploads\/2018\/01\/ABUS_Logo.svg_-300x96.png","contentUrl":"https:\/\/www.welovekeys.co.uk\/wp-content\/uploads\/2018\/01\/ABUS_Logo.svg_-300x96.png"},{"@type":"BreadcrumbList","@id":"https:\/\/www.welovekeys.co.uk\/de\/ich-habe-meinen-abus-schluessel-verloren-was-soll-ich-tun\/#breadcrumb","itemListElement":[{"@type":"ListItem","position":1,"name":"Home","item":"https:\/\/www.welovekeys.co.uk\/de\/startseite-2\/"},{"@type":"ListItem","position":2,"name":"&#8220;Ich habe meinen ABUS-Schl\u00fcssel verloren! Was soll ich tun?&#8221;"}]},{"@type":"WebSite","@id":"https:\/\/www.welovekeys.co.uk\/de\/#website","url":"https:\/\/www.welovekeys.co.uk\/de\/","name":"We Love Keys","description":"A marketplace for keys","publisher":{"@id":"https:\/\/www.welovekeys.co.uk\/de\/#organization"},"potentialAction":[{"@type":"SearchAction","target":{"@type":"EntryPoint","urlTemplate":"https:\/\/www.welovekeys.co.uk\/de\/?s={search_term_string}"},"query-input":{"@type":"PropertyValueSpecification","valueRequired":true,"valueName":"search_term_string"}}],"inLanguage":"de"},{"@type":"Organization","@id":"https:\/\/www.welovekeys.co.uk\/de\/#organization","name":"We Love Keys","url":"https:\/\/www.welovekeys.co.uk\/de\/","logo":{"@type":"ImageObject","inLanguage":"de","@id":"https:\/\/www.welovekeys.co.uk\/de\/#\/schema\/logo\/image\/","url":"https:\/\/www.welovekeys.co.uk\/wp-content\/uploads\/2017\/06\/WE.png","contentUrl":"https:\/\/www.welovekeys.co.uk\/wp-content\/uploads\/2017\/06\/WE.png","width":348,"height":66,"caption":"We Love Keys"},"image":{"@id":"https:\/\/www.welovekeys.co.uk\/de\/#\/schema\/logo\/image\/"}}]}},"_links":{"self":[{"href":"https:\/\/www.welovekeys.co.uk\/de\/wp-json\/wp\/v2\/pages\/4735","targetHints":{"allow":["GET"]}}],"collection":[{"href":"https:\/\/www.welovekeys.co.uk\/de\/wp-json\/wp\/v2\/pages"}],"about":[{"href":"https:\/\/www.welovekeys.co.uk\/de\/wp-json\/wp\/v2\/types\/page"}],"author":[{"embeddable":true,"href":"https:\/\/www.welovekeys.co.uk\/de\/wp-json\/wp\/v2\/users\/3"}],"replies":[{"embeddable":true,"href":"https:\/\/www.welovekeys.co.uk\/de\/wp-json\/wp\/v2\/comments?post=4735"}],"version-history":[{"count":0,"href":"https:\/\/www.welovekeys.co.uk\/de\/wp-json\/wp\/v2\/pages\/4735\/revisions"}],"wp:attachment":[{"href":"https:\/\/www.welovekeys.co.uk\/de\/wp-json\/wp\/v2\/media?parent=4735"}],"curies":[{"name":"wp","href":"https:\/\/api.w.org\/{rel}","templated":true}]}}