{"id":4733,"date":"2020-03-27T15:04:57","date_gmt":"2020-03-27T15:04:57","guid":{"rendered":"https:\/\/www.welovekeys.co.uk\/abus-codekarten\/"},"modified":"2020-03-27T15:04:58","modified_gmt":"2020-03-27T15:04:58","slug":"abus-codekarten","status":"publish","type":"page","link":"https:\/\/www.welovekeys.co.uk\/de\/abus-codekarten\/","title":{"rendered":"ABUS-Codekarten"},"content":{"rendered":"<p>[et_pb_section fb_built=&#8220;1&#8243; _builder_version=&#8220;4.0.7&#8243; background_image=&#8220;https:\/\/www.welovekeys.co.uk\/wp-content\/uploads\/2017\/07\/Abus-keys.jpeg&#8220; background_position=&#8220;bottom_center&#8220; custom_margin=&#8220;|||&#8220; custom_padding=&#8220;200px||200px|&#8220; bottom_divider_style=&#8220;mountains2&#8243; bottom_divider_color=&#8220;#ffffff&#8220;][\/et_pb_section][et_pb_section fb_built=&#8220;1&#8243; _builder_version=&#8220;3.22&#8243; custom_padding=&#8220;0px|0px|54px|0px&#8220;][et_pb_row _builder_version=&#8220;3.25&#8243; background_size=&#8220;initial&#8220; background_position=&#8220;top_left&#8220; background_repeat=&#8220;repeat&#8220;][et_pb_column type=&#8220;4_4&#8243; _builder_version=&#8220;3.25&#8243; custom_padding=&#8220;|||&#8220; custom_padding__hover=&#8220;|||&#8220;][et_pb_text _builder_version=&#8220;4.0.7&#8243; text_font=&#8220;|300|||||||&#8220; text_text_color=&#8220;rgba(0,0,0,0.84)&#8220; text_font_size=&#8220;18px&#8220; text_line_height=&#8220;1.8em&#8220; header_font=&#8220;|600|||||||&#8220; header_text_color=&#8220;#4f4f4f&#8220; header_2_font=&#8220;|300|||||||&#8220; header_2_text_color=&#8220;##4f4f4f&#8220;]<\/p>\n<h1>ABUS-Codekarten<img loading=\"lazy\" decoding=\"async\" src=\"https:\/\/www.welovekeys.co.uk\/wp-content\/uploads\/2018\/01\/ABUS_Logo.svg_-300x96.png\" width=\"300\" height=\"96\" alt=\"ABUS Logo\" class=\"wp-image-742 alignright size-medium\" srcset=\"https:\/\/www.welovekeys.co.uk\/wp-content\/uploads\/2018\/01\/ABUS_Logo.svg_-300x96.png 300w, https:\/\/www.welovekeys.co.uk\/wp-content\/uploads\/2018\/01\/ABUS_Logo.svg_-510x163.png 510w, https:\/\/www.welovekeys.co.uk\/wp-content\/uploads\/2018\/01\/ABUS_Logo.svg_-768x245.png 768w, https:\/\/www.welovekeys.co.uk\/wp-content\/uploads\/2018\/01\/ABUS_Logo.svg_-610x194.png 610w, https:\/\/www.welovekeys.co.uk\/wp-content\/uploads\/2018\/01\/ABUS_Logo.svg_.png 985w\" sizes=\"(max-width: 300px) 100vw, 300px\" \/><\/h1>\n<h2>Haben Sie eine ABUS-Codekarte? Haben Sie sie verloren? In jedem Fall sind Sie hier richtig!<\/h2>\n<p>Viele ABUS-Schl\u00f6sser werden mit einer Codekarte geliefert. Dies \u00e4hnelt einer Kredit- oder Debitkarte. Es ist normalerweise blau und hat das ABUS-Logo (siehe Foto rechts).<\/p>\n<p><img loading=\"lazy\" decoding=\"async\" src=\"https:\/\/www.welovekeys.co.uk\/wp-content\/uploads\/2017\/07\/Abus-Plus-300x300.png\" width=\"300\" height=\"300\" alt=\"ABUS Plus - We Love Keys\" class=\"wp-image-390 alignright size-medium\" srcset=\"https:\/\/www.welovekeys.co.uk\/wp-content\/uploads\/2017\/07\/Abus-Plus-300x300.png 300w, https:\/\/www.welovekeys.co.uk\/wp-content\/uploads\/2017\/07\/Abus-Plus-400x400.png 400w, https:\/\/www.welovekeys.co.uk\/wp-content\/uploads\/2017\/07\/Abus-Plus-100x100.png 100w, https:\/\/www.welovekeys.co.uk\/wp-content\/uploads\/2017\/07\/Abus-Plus-150x150.png 150w, https:\/\/www.welovekeys.co.uk\/wp-content\/uploads\/2017\/07\/Abus-Plus-157x157.png 157w, https:\/\/www.welovekeys.co.uk\/wp-content\/uploads\/2017\/07\/Abus-Plus.png 500w\" sizes=\"(max-width: 300px) 100vw, 300px\" \/><\/p>\n<p>Dar\u00fcber hinaus und vor allem ist auf der Codekarte eine Codenummer angegeben. Von dieser Nummer k\u00f6nnen wir die meisten ABUS-Schl\u00fcssel kopieren, <i>auch wenn<\/i> Sie alle Ihre Schl\u00fcssel verloren haben. Nicht schlecht, oder?<\/p>\n<p>Finden Sie einfach Ihren Schl\u00fcsseltyp aus <span style=\"font-weight: bolder;\"><a href=\"https:\/\/www.welovekeys.co.uk\/de\/abus-schlussel\/\" target=\"_blank\" rel=\"noopener noreferrer\">unserem Angebot an ABUS-Schl\u00fcsseln<\/a><\/span>, geben Sie die Codenummer auf Ihrer Karte ein und wir erledigen den Rest. Normalerweise k\u00f6nnen wir ABUS-Schl\u00fcssel am selben Tag schneiden.<\/p>\n<p>Wenn Sie sich nicht sicher sind, welchen ABUS-Schl\u00fcsseltyp Sie ausw\u00e4hlen m\u00fcssen, senden Sie uns einfach eine E-Mail an <span style=\"font-weight: bolder;\"><a href=\"mailto:help@welovekeys.co.uk\">help@welovekeys.co.uk<\/a><\/span> oder rufen Sie uns unter <span style=\"font-weight: bolder;\"><a href=\"tel:00442076080809\">(+44) 020 7608 0809<\/a><\/span> an.<\/p>\n<h2>Was ist, wenn ich meine ABUS-Codekarte nicht mehr habe?<\/h2>\n<p>In vielen F\u00e4llen ist es wirklich nicht das Ende der Welt, wenn Sie keine Codekarte haben.<\/p>\n<p>Zun\u00e4chst sind auf vielen ABUS-Schl\u00fcsseln Codenummern markiert. Wenn dies der Fall ist, teilen Sie uns einfach die Codenummer mit und wir k\u00f6nnen loslegen.<\/p>\n<p>Bei einigen Schl\u00fcsseln&mdash;insbesondere bei ABUS Plus- und ABUS X-Plus-Schl\u00fcsseln f\u00fcr Granit-Schl\u00f6sser&mdash;ist auf dem Schl\u00fcssel selbst keine Nummer angegeben, aber wir k\u00f6nnten die Schnitte im Schl\u00fcssel anhand einiger Fotos von guter Qualit\u00e4t &#8222;lesen&#8220;, und dadurch Ersatzschl\u00fcssel f\u00fcr Sie herstellen.<\/p>\n<h2>Also, was passiert als n\u00e4chstes?<\/h2>\n<p>Wir nehmen Ihnen das ganze schwere Heben aus Ihrer Schl\u00fcsselbestellung. Alles was Sie tun m\u00fcssen ist: Kontaktieren Sie uns, senden Sie uns ein paar Fotos und wir erledigen den Rest!<\/p>\n<p>[\/et_pb_text][\/et_pb_column][\/et_pb_row][\/et_pb_section]<\/p>\n","protected":false},"excerpt":{"rendered":"<p>ABUS-Codekarten Haben Sie eine ABUS-Codekarte? Haben Sie sie verloren? In jedem Fall sind Sie hier richtig! Viele ABUS-Schl\u00f6sser werden mit einer Codekarte geliefert. Dies \u00e4hnelt einer Kredit- oder Debitkarte. Es ist normalerweise blau und hat das ABUS-Logo (siehe Foto rechts). Dar\u00fcber hinaus und vor allem ist auf der Codekarte eine Codenummer angegeben. Von dieser Nummer [&hellip;]<\/p>\n","protected":false},"author":3,"featured_media":0,"parent":0,"menu_order":0,"comment_status":"closed","ping_status":"closed","template":"","meta":{"_et_pb_use_builder":"on","_et_pb_old_content":"","_et_gb_content_width":"","footnotes":""},"class_list":["post-4733","page","type-page","status-publish","hentry"],"yoast_head":"<!-- This site is optimized with the Yoast SEO plugin v27.4 - https:\/\/yoast.com\/product\/yoast-seo-wordpress\/ -->\n<title>ABUS-Codekarten - We Love Keys<\/title>\n<meta name=\"robots\" content=\"index, follow, max-snippet:-1, max-image-preview:large, max-video-preview:-1\" \/>\n<link rel=\"canonical\" href=\"https:\/\/www.welovekeys.co.uk\/de\/abus-codekarten\/\" \/>\n<meta property=\"og:locale\" content=\"de_DE\" \/>\n<meta property=\"og:type\" content=\"article\" \/>\n<meta property=\"og:title\" content=\"ABUS-Codekarten - We Love Keys\" \/>\n<meta property=\"og:description\" content=\"ABUS-Codekarten Haben Sie eine ABUS-Codekarte? Haben Sie sie verloren? In jedem Fall sind Sie hier richtig! Viele ABUS-Schl\u00f6sser werden mit einer Codekarte geliefert. Dies \u00e4hnelt einer Kredit- oder Debitkarte. Es ist normalerweise blau und hat das ABUS-Logo (siehe Foto rechts). Dar\u00fcber hinaus und vor allem ist auf der Codekarte eine Codenummer angegeben. Von dieser Nummer [&hellip;]\" \/>\n<meta property=\"og:url\" content=\"https:\/\/www.welovekeys.co.uk\/de\/abus-codekarten\/\" \/>\n<meta property=\"og:site_name\" content=\"We Love Keys\" \/>\n<meta property=\"article:modified_time\" content=\"2020-03-27T15:04:58+00:00\" \/>\n<meta property=\"og:image\" content=\"https:\/\/www.welovekeys.co.uk\/wp-content\/uploads\/2018\/01\/ABUS_Logo.svg_-300x96.png\" \/>\n<meta name=\"twitter:card\" content=\"summary_large_image\" \/>\n<meta name=\"twitter:label1\" content=\"Gesch\u00e4tzte Lesezeit\" \/>\n\t<meta name=\"twitter:data1\" content=\"2\u00a0Minuten\" \/>\n<script type=\"application\/ld+json\" class=\"yoast-schema-graph\">{\"@context\":\"https:\\\/\\\/schema.org\",\"@graph\":[{\"@type\":\"WebPage\",\"@id\":\"https:\\\/\\\/www.welovekeys.co.uk\\\/de\\\/abus-codekarten\\\/\",\"url\":\"https:\\\/\\\/www.welovekeys.co.uk\\\/de\\\/abus-codekarten\\\/\",\"name\":\"ABUS-Codekarten - We Love Keys\",\"isPartOf\":{\"@id\":\"https:\\\/\\\/www.welovekeys.co.uk\\\/de\\\/#website\"},\"primaryImageOfPage\":{\"@id\":\"https:\\\/\\\/www.welovekeys.co.uk\\\/de\\\/abus-codekarten\\\/#primaryimage\"},\"image\":{\"@id\":\"https:\\\/\\\/www.welovekeys.co.uk\\\/de\\\/abus-codekarten\\\/#primaryimage\"},\"thumbnailUrl\":\"https:\\\/\\\/www.welovekeys.co.uk\\\/wp-content\\\/uploads\\\/2018\\\/01\\\/ABUS_Logo.svg_-300x96.png\",\"datePublished\":\"2020-03-27T15:04:57+00:00\",\"dateModified\":\"2020-03-27T15:04:58+00:00\",\"breadcrumb\":{\"@id\":\"https:\\\/\\\/www.welovekeys.co.uk\\\/de\\\/abus-codekarten\\\/#breadcrumb\"},\"inLanguage\":\"de\",\"potentialAction\":[{\"@type\":\"ReadAction\",\"target\":[\"https:\\\/\\\/www.welovekeys.co.uk\\\/de\\\/abus-codekarten\\\/\"]}]},{\"@type\":\"ImageObject\",\"inLanguage\":\"de\",\"@id\":\"https:\\\/\\\/www.welovekeys.co.uk\\\/de\\\/abus-codekarten\\\/#primaryimage\",\"url\":\"https:\\\/\\\/www.welovekeys.co.uk\\\/wp-content\\\/uploads\\\/2018\\\/01\\\/ABUS_Logo.svg_-300x96.png\",\"contentUrl\":\"https:\\\/\\\/www.welovekeys.co.uk\\\/wp-content\\\/uploads\\\/2018\\\/01\\\/ABUS_Logo.svg_-300x96.png\"},{\"@type\":\"BreadcrumbList\",\"@id\":\"https:\\\/\\\/www.welovekeys.co.uk\\\/de\\\/abus-codekarten\\\/#breadcrumb\",\"itemListElement\":[{\"@type\":\"ListItem\",\"position\":1,\"name\":\"Home\",\"item\":\"https:\\\/\\\/www.welovekeys.co.uk\\\/de\\\/startseite-2\\\/\"},{\"@type\":\"ListItem\",\"position\":2,\"name\":\"ABUS-Codekarten\"}]},{\"@type\":\"WebSite\",\"@id\":\"https:\\\/\\\/www.welovekeys.co.uk\\\/de\\\/#website\",\"url\":\"https:\\\/\\\/www.welovekeys.co.uk\\\/de\\\/\",\"name\":\"We Love Keys\",\"description\":\"A marketplace for keys\",\"publisher\":{\"@id\":\"https:\\\/\\\/www.welovekeys.co.uk\\\/de\\\/#organization\"},\"potentialAction\":[{\"@type\":\"SearchAction\",\"target\":{\"@type\":\"EntryPoint\",\"urlTemplate\":\"https:\\\/\\\/www.welovekeys.co.uk\\\/de\\\/?s={search_term_string}\"},\"query-input\":{\"@type\":\"PropertyValueSpecification\",\"valueRequired\":true,\"valueName\":\"search_term_string\"}}],\"inLanguage\":\"de\"},{\"@type\":\"Organization\",\"@id\":\"https:\\\/\\\/www.welovekeys.co.uk\\\/de\\\/#organization\",\"name\":\"We Love Keys\",\"url\":\"https:\\\/\\\/www.welovekeys.co.uk\\\/de\\\/\",\"logo\":{\"@type\":\"ImageObject\",\"inLanguage\":\"de\",\"@id\":\"https:\\\/\\\/www.welovekeys.co.uk\\\/de\\\/#\\\/schema\\\/logo\\\/image\\\/\",\"url\":\"https:\\\/\\\/www.welovekeys.co.uk\\\/wp-content\\\/uploads\\\/2017\\\/06\\\/WE.png\",\"contentUrl\":\"https:\\\/\\\/www.welovekeys.co.uk\\\/wp-content\\\/uploads\\\/2017\\\/06\\\/WE.png\",\"width\":348,\"height\":66,\"caption\":\"We Love Keys\"},\"image\":{\"@id\":\"https:\\\/\\\/www.welovekeys.co.uk\\\/de\\\/#\\\/schema\\\/logo\\\/image\\\/\"}}]}<\/script>\n<!-- \/ Yoast SEO plugin. -->","yoast_head_json":{"title":"ABUS-Codekarten - We Love Keys","robots":{"index":"index","follow":"follow","max-snippet":"max-snippet:-1","max-image-preview":"max-image-preview:large","max-video-preview":"max-video-preview:-1"},"canonical":"https:\/\/www.welovekeys.co.uk\/de\/abus-codekarten\/","og_locale":"de_DE","og_type":"article","og_title":"ABUS-Codekarten - We Love Keys","og_description":"ABUS-Codekarten Haben Sie eine ABUS-Codekarte? Haben Sie sie verloren? In jedem Fall sind Sie hier richtig! Viele ABUS-Schl\u00f6sser werden mit einer Codekarte geliefert. Dies \u00e4hnelt einer Kredit- oder Debitkarte. Es ist normalerweise blau und hat das ABUS-Logo (siehe Foto rechts). Dar\u00fcber hinaus und vor allem ist auf der Codekarte eine Codenummer angegeben. Von dieser Nummer [&hellip;]","og_url":"https:\/\/www.welovekeys.co.uk\/de\/abus-codekarten\/","og_site_name":"We Love Keys","article_modified_time":"2020-03-27T15:04:58+00:00","og_image":[{"url":"https:\/\/www.welovekeys.co.uk\/wp-content\/uploads\/2018\/01\/ABUS_Logo.svg_-300x96.png","type":"","width":"","height":""}],"twitter_card":"summary_large_image","twitter_misc":{"Gesch\u00e4tzte Lesezeit":"2\u00a0Minuten"},"schema":{"@context":"https:\/\/schema.org","@graph":[{"@type":"WebPage","@id":"https:\/\/www.welovekeys.co.uk\/de\/abus-codekarten\/","url":"https:\/\/www.welovekeys.co.uk\/de\/abus-codekarten\/","name":"ABUS-Codekarten - We Love Keys","isPartOf":{"@id":"https:\/\/www.welovekeys.co.uk\/de\/#website"},"primaryImageOfPage":{"@id":"https:\/\/www.welovekeys.co.uk\/de\/abus-codekarten\/#primaryimage"},"image":{"@id":"https:\/\/www.welovekeys.co.uk\/de\/abus-codekarten\/#primaryimage"},"thumbnailUrl":"https:\/\/www.welovekeys.co.uk\/wp-content\/uploads\/2018\/01\/ABUS_Logo.svg_-300x96.png","datePublished":"2020-03-27T15:04:57+00:00","dateModified":"2020-03-27T15:04:58+00:00","breadcrumb":{"@id":"https:\/\/www.welovekeys.co.uk\/de\/abus-codekarten\/#breadcrumb"},"inLanguage":"de","potentialAction":[{"@type":"ReadAction","target":["https:\/\/www.welovekeys.co.uk\/de\/abus-codekarten\/"]}]},{"@type":"ImageObject","inLanguage":"de","@id":"https:\/\/www.welovekeys.co.uk\/de\/abus-codekarten\/#primaryimage","url":"https:\/\/www.welovekeys.co.uk\/wp-content\/uploads\/2018\/01\/ABUS_Logo.svg_-300x96.png","contentUrl":"https:\/\/www.welovekeys.co.uk\/wp-content\/uploads\/2018\/01\/ABUS_Logo.svg_-300x96.png"},{"@type":"BreadcrumbList","@id":"https:\/\/www.welovekeys.co.uk\/de\/abus-codekarten\/#breadcrumb","itemListElement":[{"@type":"ListItem","position":1,"name":"Home","item":"https:\/\/www.welovekeys.co.uk\/de\/startseite-2\/"},{"@type":"ListItem","position":2,"name":"ABUS-Codekarten"}]},{"@type":"WebSite","@id":"https:\/\/www.welovekeys.co.uk\/de\/#website","url":"https:\/\/www.welovekeys.co.uk\/de\/","name":"We Love Keys","description":"A marketplace for keys","publisher":{"@id":"https:\/\/www.welovekeys.co.uk\/de\/#organization"},"potentialAction":[{"@type":"SearchAction","target":{"@type":"EntryPoint","urlTemplate":"https:\/\/www.welovekeys.co.uk\/de\/?s={search_term_string}"},"query-input":{"@type":"PropertyValueSpecification","valueRequired":true,"valueName":"search_term_string"}}],"inLanguage":"de"},{"@type":"Organization","@id":"https:\/\/www.welovekeys.co.uk\/de\/#organization","name":"We Love Keys","url":"https:\/\/www.welovekeys.co.uk\/de\/","logo":{"@type":"ImageObject","inLanguage":"de","@id":"https:\/\/www.welovekeys.co.uk\/de\/#\/schema\/logo\/image\/","url":"https:\/\/www.welovekeys.co.uk\/wp-content\/uploads\/2017\/06\/WE.png","contentUrl":"https:\/\/www.welovekeys.co.uk\/wp-content\/uploads\/2017\/06\/WE.png","width":348,"height":66,"caption":"We Love Keys"},"image":{"@id":"https:\/\/www.welovekeys.co.uk\/de\/#\/schema\/logo\/image\/"}}]}},"_links":{"self":[{"href":"https:\/\/www.welovekeys.co.uk\/de\/wp-json\/wp\/v2\/pages\/4733","targetHints":{"allow":["GET"]}}],"collection":[{"href":"https:\/\/www.welovekeys.co.uk\/de\/wp-json\/wp\/v2\/pages"}],"about":[{"href":"https:\/\/www.welovekeys.co.uk\/de\/wp-json\/wp\/v2\/types\/page"}],"author":[{"embeddable":true,"href":"https:\/\/www.welovekeys.co.uk\/de\/wp-json\/wp\/v2\/users\/3"}],"replies":[{"embeddable":true,"href":"https:\/\/www.welovekeys.co.uk\/de\/wp-json\/wp\/v2\/comments?post=4733"}],"version-history":[{"count":0,"href":"https:\/\/www.welovekeys.co.uk\/de\/wp-json\/wp\/v2\/pages\/4733\/revisions"}],"wp:attachment":[{"href":"https:\/\/www.welovekeys.co.uk\/de\/wp-json\/wp\/v2\/media?parent=4733"}],"curies":[{"name":"wp","href":"https:\/\/api.w.org\/{rel}","templated":true}]}}