{"id":4687,"date":"2020-03-23T15:13:55","date_gmt":"2020-03-23T15:13:55","guid":{"rendered":"https:\/\/www.welovekeys.co.uk\/abus-schluessel-in-grossen-mengen\/"},"modified":"2020-03-23T15:13:55","modified_gmt":"2020-03-23T15:13:55","slug":"abus-schluessel-in-grossen-mengen","status":"publish","type":"page","link":"https:\/\/www.welovekeys.co.uk\/de\/abus-schluessel-in-grossen-mengen\/","title":{"rendered":"ABUS-Schl\u00fcssel in gro\u00dfen Mengen"},"content":{"rendered":"<p>[et_pb_section fb_built=&#8220;1&#8243; _builder_version=&#8220;3.22&#8243; background_image=&#8220;https:\/\/www.welovekeys.co.uk\/wp-content\/uploads\/2017\/07\/Abus-keys.jpeg&#8220; custom_margin=&#8220;|||&#8220; custom_padding=&#8220;200px||200px|&#8220; bottom_divider_style=&#8220;mountains2&#8243; bottom_divider_color=&#8220;#ffffff&#8220;][\/et_pb_section][et_pb_section fb_built=&#8220;1&#8243; _builder_version=&#8220;3.22&#8243; custom_padding=&#8220;0px|0px|54px|0px&#8220;][et_pb_row _builder_version=&#8220;3.25&#8243; background_size=&#8220;initial&#8220; background_position=&#8220;top_left&#8220; background_repeat=&#8220;repeat&#8220;][et_pb_column type=&#8220;4_4&#8243; _builder_version=&#8220;3.25&#8243; custom_padding=&#8220;|||&#8220; custom_padding__hover=&#8220;|||&#8220;][et_pb_text _builder_version=&#8220;4.4.0&#8243; text_font=&#8220;|300|||||||&#8220; text_text_color=&#8220;rgba(0,0,0,0.84)&#8220; text_font_size=&#8220;18px&#8220; text_line_height=&#8220;1.8em&#8220; header_font=&#8220;|600|||||||&#8220; header_text_color=&#8220;#4f4f4f&#8220; header_2_font=&#8220;|300|||||||&#8220; header_2_text_color=&#8220;##4f4f4f&#8220;]<\/p>\n<h1>Gr&ouml;&szlig;ere Schl&uuml;sselauftr&auml;ge<\/h1>\n<p><img loading=\"lazy\" decoding=\"async\" src=\"https:\/\/www.welovekeys.co.uk\/wp-content\/uploads\/2018\/01\/ABUS_Logo.svg_-300x96.png\" width=\"300\" height=\"96\" alt=\"ABUS Logo\" class=\"wp-image-742 alignright size-medium\" srcset=\"https:\/\/www.welovekeys.co.uk\/wp-content\/uploads\/2018\/01\/ABUS_Logo.svg_-300x96.png 300w, https:\/\/www.welovekeys.co.uk\/wp-content\/uploads\/2018\/01\/ABUS_Logo.svg_-510x163.png 510w, https:\/\/www.welovekeys.co.uk\/wp-content\/uploads\/2018\/01\/ABUS_Logo.svg_-768x245.png 768w, https:\/\/www.welovekeys.co.uk\/wp-content\/uploads\/2018\/01\/ABUS_Logo.svg_-610x194.png 610w, https:\/\/www.welovekeys.co.uk\/wp-content\/uploads\/2018\/01\/ABUS_Logo.svg_.png 985w\" sizes=\"(max-width: 300px) 100vw, 300px\" \/><\/p>\n<h2>Nicht jeder kauft nur ein oder zwei Schl\u00fcssel. Manche Kunden brauchen 1000 auf einmal. Manche brauchen 10 000!<\/h2>\n<p>Es ist nicht ungew\u00f6hnlich, dass Kunden Hunderte oder sogar Tausende von Schl\u00fcsseln ben\u00f6tigen, entweder identische oder unterschiedliche Schl\u00fcssel. Bei We Love Keys scheuen wir keine gro\u00dfen Mengen. Hier sind einige Fallstudien, die zeigen, was wir tun k\u00f6nnen und warum manche Menschen m\u00f6glicherweise so viele Schl\u00fcssel ben\u00f6tigen.<\/p>\n<h2>Der Angelverein<\/h2>\n<p>Ein Angelverein im Norden Englands musste einen Zugang zu seinem See sichern. Menschen&mdash;und Tiere!&mdash;die nicht dort h&auml;tten sein d&uuml;rfen, sind dauernd eingedrungen<\/p>\n<p>Sie brauchten ein wetterfestes Vorh\u00e4ngeschloss sowie 1000 Schl\u00fcssel f\u00fcr ihre vielen Mitglieder. Das von uns bereitgestellte Vorh\u00e4ngeschloss erf\u00fcllte die folgenden Kriterien:<\/p>\n<ul style=\"margin-left:40px;\">\n<li><span style=\"font-weight:bolder;\">Wetterfest:<\/span> Da das Vorh\u00e4ngeschloss in den n\u00e4chsten Jahren in den Elementen baumeln wird, musste es ein kunststoffbeschichtetes wetterfestes Vorh\u00e4ngeschloss sein.<\/li>\n<li><span style=\"font-weight:bolder;\">Robust:<\/span> Wenn 1000 Personen es regelm\u00e4\u00dfig verwenden, muss das Vorh\u00e4ngeschloss vielen Anwendungen pro Tag standhalten k\u00f6nnen.<\/li>\n<li><span style=\"font-weight:bolder;\">Kodiert:<\/span> In den kommenden Jahren, wenn das Vorh\u00e4ngeschloss schlie\u00dflich bricht&mdash;<i>ach!<\/i> nicht einmal ABUS-Vorh\u00e4ngeschl\u00f6sser halten f&uuml;r immer&mdash;wird es m\u00f6glich sein, ein Ersatzvorh\u00e4ngeschloss bereitzustellen, das dem vorhandenen Schl\u00fcsselcode entspricht. Dies bedeutet, dass der Club nicht Tausende neuer Schl\u00fcssel kaufen muss.<\/li>\n<\/ul>\n<p>Wir machten ein Angebot f\u00fcr 1000 Schl\u00fcssel und nachdem der Club akzeptiert hatte, machten wir uns an die Arbeit. Innerhalb einer Woche waren wir bereit, die Bestellung zu versenden.<\/p>\n<h2>Die Wohlt\u00e4tigkeits-Schatzsuche<\/h2>\n<p>Eine der sch&ouml;nsten &lsquo;Gimmicks&rsquo;, die uns bei We Love Keys begegnet sind, ist die Schatzsuche. Es ist nicht wirklich eine Suche als solche, weil jeder eigentlich schon wei\u00df, wo der Schatz ist. Aber es kommt nicht jeder an ihn ran.<\/p>\n<p>Jeder Teilnehmer erh\u00e4lt einen Schl\u00fcssel und kann ihn in einem Vorh\u00e4ngeschloss testen, das an einer mit teuren Preisen gef\u00fcllten &lsquo;Schatztruhe&rsquo; befestigt ist. Der Haken ist, dass nur der Schl\u00fcssel einer Person tats\u00e4chlich funktioniert.<\/p>\n<p>Wir wurden von einer Wohlt\u00e4tigkeitsorganisation angesprochen, die diese Veranstaltung organisieren wollte, und sie sagten uns, was sie brauchten: ein Vorh\u00e4ngeschloss mit 500 Schl\u00fcsseln, von denen nur 3 funktionieren (zwei f\u00fcr die Organisatoren, einer f\u00fcr den potenziellen Gewinner). Folgendes haben wir geliefert:<\/p>\n<ul style=\"margin-left:40px;\">\n<li><span style=\"font-weight:bolder;\">ABUS Diskus Vorh\u00e4ngeschloss:<\/span> Diskus-Vorh\u00e4ngeschl\u00f6sser sind kreisf\u00f6rmig, nicht quadratisch, und sehen auf einer abschlie\u00dfbaren Box ganz gut aus. Wie im Beispiel des Angelclubs war das Vorh\u00e4ngeschloss robust genug, um mehr als genug &Ouml;ffnungsversuchen standzuhalten.<\/li>\n<li><span style=\"font-weight:bolder;\">F\u00fcnf verschiedene &lsquo;Arten&rsquo; von falschen Schl\u00fcsseln:<\/span> Um weniger deutlich zu machen, wer der Gewinner ist und wer nicht, haben wir sichergestellt, dass die Mischung f\u00fcnf verschiedene Schl\u00fcsseltypen enth\u00e4lt. Jeder Schl\u00fcsseltyp enth\u00e4lt unterschiedliche Schnitte, obwohl keiner von ihnen funktioniert.<\/li>\n<li><span style=\"font-weight:bolder;\">Drei funktionierende Schl\u00fcssel:<\/span> Das Diskus-Vorh\u00e4ngeschloss wurde bereits mit zwei Schl\u00fcsseln geliefert, die wir den Organisatoren geben konnten. Das Problem ist, dass die Originalschl\u00fcssel mit dem ABUS-Logo gekennzeichnet sind und unsere 500 falschen Schl\u00fcssel nicht. Wir haben also sichergestellt, dass der Schl\u00fcssel, der das Vorh\u00e4ngeschloss \u00f6ffnen w\u00fcrde, genau wie jedes der anderen 500 Exemplare aussah.<\/li>\n<\/ul>\n<h2>Der Mobilit\u00e4tsroller<\/h2>\n<p>Die landesweit gr\u00f6\u00dfte Vermietungsfirma f\u00fcr Mobilit\u00e4tsroller ben\u00f6tigte 10 000 <span style=\"font-weight:bolder;\"><a href=\"https:\/\/www.welovekeys.co.uk\/de\/produkt\/emka-ek333-mesan-schlussel\/\">Mesan-Schl\u00fcssel<\/a><\/span> f\u00fcr ihre enorme Flotte von Rollern. Es vermietet seine Motorroller an die gr\u00f6\u00dften Superm\u00e4rkte und Einzelhandelsparks des Landes, und wie Sie sich vorstellen k\u00f6nnen, gehen Schl\u00fcssel leicht verloren, wenn Produkte landesweit verteilt werden.<\/p>\n<p>Wir einigten uns auf ein Angebot und eine Vorlaufzeit, und der Kunde schickte uns ein Schloss, um die Schl\u00fcssel zu testen. Dann machten wir uns an die Arbeit.<\/p>\n<p>Das Schneiden von 10 000&mdash;<i>zehntausend<\/i>&mdash;Schl\u00fcsseln ist eine Menge Arbeit, aber eine, vor der wir uns nicht gescheut haben. Innerhalb von etwas mehr als einem Monat waren die Schl\u00fcssel beim Kunden.<\/p>\n<h1>Wie z&auml;hlt man &uuml;berhaupt 10 000 Schl&uuml;ssel?<\/h1>\n<p>Gl\u00fccklicherweise m\u00fcssen keine Schl\u00fcssel gez\u00e4hlt werden. Es ist viel genauer, die Schl\u00fcssel zu wiegen. Man muss nur beispielsweise 50 Schl\u00fcssel z\u00e4hlen, sie wiegen und dabei genau herausfinden, wie viel ein Schl\u00fcssel wiegt.<\/p>\n<p>Die Gewichtsmethode stellt sicher, dass man selbst mit 10 000 Schl\u00fcsseln wahrscheinlich nicht ungenau z\u00e4hlt.<\/p>\n<h2>Wenn Sie auch Schl\u00fcssel in gro\u00dfen Mengen bestellen m\u00f6chten, k\u00f6nnen Sie sich gerne an uns wenden:<\/h2>\n<ul>\n<li>Per Telefon: <span style=\"font-weight:bolder;\"><a href=\"tel:00442076080809\">(+44) 020 7608 0809<\/a><\/span><\/li>\n<li><span style=\"font-weight:bolder;\"><a href=\"https:\/\/www.welovekeys.co.uk\/de\/hilfe\/\">Foto eines Schl&uuml;ssels hochladen<\/a><\/span><\/li>\n<li>Per Email: <span style=\"font-weight:bolder;\"><a href=\"mailto:help@welovekeys.co.uk\">help@welovekeys.co.uk<\/a><\/span>.<\/li>\n<\/ul>\n<p>[\/et_pb_text][\/et_pb_column][\/et_pb_row][\/et_pb_section]<\/p>\n","protected":false},"excerpt":{"rendered":"<p>Gr&ouml;&szlig;ere Schl&uuml;sselauftr&auml;ge Nicht jeder kauft nur ein oder zwei Schl\u00fcssel. Manche Kunden brauchen 1000 auf einmal. Manche brauchen 10 000! Es ist nicht ungew\u00f6hnlich, dass Kunden Hunderte oder sogar Tausende von Schl\u00fcsseln ben\u00f6tigen, entweder identische oder unterschiedliche Schl\u00fcssel. Bei We Love Keys scheuen wir keine gro\u00dfen Mengen. Hier sind einige Fallstudien, die zeigen, was wir [&hellip;]<\/p>\n","protected":false},"author":3,"featured_media":1310,"parent":0,"menu_order":0,"comment_status":"closed","ping_status":"closed","template":"","meta":{"_et_pb_use_builder":"on","_et_pb_old_content":"","_et_gb_content_width":"","footnotes":""},"class_list":["post-4687","page","type-page","status-publish","has-post-thumbnail","hentry"],"yoast_head":"<!-- This site is optimized with the Yoast SEO plugin v27.4 - https:\/\/yoast.com\/product\/yoast-seo-wordpress\/ -->\n<title>ABUS-Schl\u00fcssel in gro\u00dfen Mengen - We Love Keys<\/title>\n<meta name=\"robots\" content=\"index, follow, max-snippet:-1, max-image-preview:large, max-video-preview:-1\" \/>\n<link rel=\"canonical\" href=\"https:\/\/www.welovekeys.co.uk\/de\/abus-schluessel-in-grossen-mengen\/\" \/>\n<meta property=\"og:locale\" content=\"de_DE\" \/>\n<meta property=\"og:type\" content=\"article\" \/>\n<meta property=\"og:title\" content=\"ABUS-Schl\u00fcssel in gro\u00dfen Mengen - We Love Keys\" \/>\n<meta property=\"og:description\" content=\"Gr&ouml;&szlig;ere Schl&uuml;sselauftr&auml;ge Nicht jeder kauft nur ein oder zwei Schl\u00fcssel. Manche Kunden brauchen 1000 auf einmal. Manche brauchen 10 000! Es ist nicht ungew\u00f6hnlich, dass Kunden Hunderte oder sogar Tausende von Schl\u00fcsseln ben\u00f6tigen, entweder identische oder unterschiedliche Schl\u00fcssel. Bei We Love Keys scheuen wir keine gro\u00dfen Mengen. Hier sind einige Fallstudien, die zeigen, was wir [&hellip;]\" \/>\n<meta property=\"og:url\" content=\"https:\/\/www.welovekeys.co.uk\/de\/abus-schluessel-in-grossen-mengen\/\" \/>\n<meta property=\"og:site_name\" content=\"We Love Keys\" \/>\n<meta property=\"og:image\" content=\"https:\/\/www.welovekeys.co.uk\/wp-content\/uploads\/2018\/02\/abus-padlock.jpg\" \/>\n\t<meta property=\"og:image:width\" content=\"1051\" \/>\n\t<meta property=\"og:image:height\" content=\"1051\" \/>\n\t<meta property=\"og:image:type\" content=\"image\/jpeg\" \/>\n<meta name=\"twitter:card\" content=\"summary_large_image\" \/>\n<meta name=\"twitter:label1\" content=\"Gesch\u00e4tzte Lesezeit\" \/>\n\t<meta name=\"twitter:data1\" content=\"4\u00a0Minuten\" \/>\n<script type=\"application\/ld+json\" class=\"yoast-schema-graph\">{\"@context\":\"https:\\\/\\\/schema.org\",\"@graph\":[{\"@type\":\"WebPage\",\"@id\":\"https:\\\/\\\/www.welovekeys.co.uk\\\/de\\\/abus-schluessel-in-grossen-mengen\\\/\",\"url\":\"https:\\\/\\\/www.welovekeys.co.uk\\\/de\\\/abus-schluessel-in-grossen-mengen\\\/\",\"name\":\"ABUS-Schl\u00fcssel in gro\u00dfen Mengen - We Love Keys\",\"isPartOf\":{\"@id\":\"https:\\\/\\\/www.welovekeys.co.uk\\\/de\\\/#website\"},\"primaryImageOfPage\":{\"@id\":\"https:\\\/\\\/www.welovekeys.co.uk\\\/de\\\/abus-schluessel-in-grossen-mengen\\\/#primaryimage\"},\"image\":{\"@id\":\"https:\\\/\\\/www.welovekeys.co.uk\\\/de\\\/abus-schluessel-in-grossen-mengen\\\/#primaryimage\"},\"thumbnailUrl\":\"https:\\\/\\\/www.welovekeys.co.uk\\\/wp-content\\\/uploads\\\/2018\\\/02\\\/abus-padlock.jpg\",\"datePublished\":\"2020-03-23T15:13:55+00:00\",\"breadcrumb\":{\"@id\":\"https:\\\/\\\/www.welovekeys.co.uk\\\/de\\\/abus-schluessel-in-grossen-mengen\\\/#breadcrumb\"},\"inLanguage\":\"de\",\"potentialAction\":[{\"@type\":\"ReadAction\",\"target\":[\"https:\\\/\\\/www.welovekeys.co.uk\\\/de\\\/abus-schluessel-in-grossen-mengen\\\/\"]}]},{\"@type\":\"ImageObject\",\"inLanguage\":\"de\",\"@id\":\"https:\\\/\\\/www.welovekeys.co.uk\\\/de\\\/abus-schluessel-in-grossen-mengen\\\/#primaryimage\",\"url\":\"https:\\\/\\\/www.welovekeys.co.uk\\\/wp-content\\\/uploads\\\/2018\\\/02\\\/abus-padlock.jpg\",\"contentUrl\":\"https:\\\/\\\/www.welovekeys.co.uk\\\/wp-content\\\/uploads\\\/2018\\\/02\\\/abus-padlock.jpg\",\"width\":1051,\"height\":1051,\"caption\":\"ABUS-Schl\u00fcssel f\u00fcr gleichschlie\u00dfendes Vorh\u00e4ngeschloss\"},{\"@type\":\"BreadcrumbList\",\"@id\":\"https:\\\/\\\/www.welovekeys.co.uk\\\/de\\\/abus-schluessel-in-grossen-mengen\\\/#breadcrumb\",\"itemListElement\":[{\"@type\":\"ListItem\",\"position\":1,\"name\":\"Home\",\"item\":\"https:\\\/\\\/www.welovekeys.co.uk\\\/de\\\/startseite-2\\\/\"},{\"@type\":\"ListItem\",\"position\":2,\"name\":\"ABUS-Schl\u00fcssel in gro\u00dfen Mengen\"}]},{\"@type\":\"WebSite\",\"@id\":\"https:\\\/\\\/www.welovekeys.co.uk\\\/de\\\/#website\",\"url\":\"https:\\\/\\\/www.welovekeys.co.uk\\\/de\\\/\",\"name\":\"We Love Keys\",\"description\":\"A marketplace for keys\",\"publisher\":{\"@id\":\"https:\\\/\\\/www.welovekeys.co.uk\\\/de\\\/#organization\"},\"potentialAction\":[{\"@type\":\"SearchAction\",\"target\":{\"@type\":\"EntryPoint\",\"urlTemplate\":\"https:\\\/\\\/www.welovekeys.co.uk\\\/de\\\/?s={search_term_string}\"},\"query-input\":{\"@type\":\"PropertyValueSpecification\",\"valueRequired\":true,\"valueName\":\"search_term_string\"}}],\"inLanguage\":\"de\"},{\"@type\":\"Organization\",\"@id\":\"https:\\\/\\\/www.welovekeys.co.uk\\\/de\\\/#organization\",\"name\":\"We Love Keys\",\"url\":\"https:\\\/\\\/www.welovekeys.co.uk\\\/de\\\/\",\"logo\":{\"@type\":\"ImageObject\",\"inLanguage\":\"de\",\"@id\":\"https:\\\/\\\/www.welovekeys.co.uk\\\/de\\\/#\\\/schema\\\/logo\\\/image\\\/\",\"url\":\"https:\\\/\\\/www.welovekeys.co.uk\\\/wp-content\\\/uploads\\\/2017\\\/06\\\/WE.png\",\"contentUrl\":\"https:\\\/\\\/www.welovekeys.co.uk\\\/wp-content\\\/uploads\\\/2017\\\/06\\\/WE.png\",\"width\":348,\"height\":66,\"caption\":\"We Love Keys\"},\"image\":{\"@id\":\"https:\\\/\\\/www.welovekeys.co.uk\\\/de\\\/#\\\/schema\\\/logo\\\/image\\\/\"}}]}<\/script>\n<!-- \/ Yoast SEO plugin. -->","yoast_head_json":{"title":"ABUS-Schl\u00fcssel in gro\u00dfen Mengen - We Love Keys","robots":{"index":"index","follow":"follow","max-snippet":"max-snippet:-1","max-image-preview":"max-image-preview:large","max-video-preview":"max-video-preview:-1"},"canonical":"https:\/\/www.welovekeys.co.uk\/de\/abus-schluessel-in-grossen-mengen\/","og_locale":"de_DE","og_type":"article","og_title":"ABUS-Schl\u00fcssel in gro\u00dfen Mengen - We Love Keys","og_description":"Gr&ouml;&szlig;ere Schl&uuml;sselauftr&auml;ge Nicht jeder kauft nur ein oder zwei Schl\u00fcssel. Manche Kunden brauchen 1000 auf einmal. Manche brauchen 10 000! Es ist nicht ungew\u00f6hnlich, dass Kunden Hunderte oder sogar Tausende von Schl\u00fcsseln ben\u00f6tigen, entweder identische oder unterschiedliche Schl\u00fcssel. Bei We Love Keys scheuen wir keine gro\u00dfen Mengen. Hier sind einige Fallstudien, die zeigen, was wir [&hellip;]","og_url":"https:\/\/www.welovekeys.co.uk\/de\/abus-schluessel-in-grossen-mengen\/","og_site_name":"We Love Keys","og_image":[{"width":1051,"height":1051,"url":"https:\/\/www.welovekeys.co.uk\/wp-content\/uploads\/2018\/02\/abus-padlock.jpg","type":"image\/jpeg"}],"twitter_card":"summary_large_image","twitter_misc":{"Gesch\u00e4tzte Lesezeit":"4\u00a0Minuten"},"schema":{"@context":"https:\/\/schema.org","@graph":[{"@type":"WebPage","@id":"https:\/\/www.welovekeys.co.uk\/de\/abus-schluessel-in-grossen-mengen\/","url":"https:\/\/www.welovekeys.co.uk\/de\/abus-schluessel-in-grossen-mengen\/","name":"ABUS-Schl\u00fcssel in gro\u00dfen Mengen - We Love Keys","isPartOf":{"@id":"https:\/\/www.welovekeys.co.uk\/de\/#website"},"primaryImageOfPage":{"@id":"https:\/\/www.welovekeys.co.uk\/de\/abus-schluessel-in-grossen-mengen\/#primaryimage"},"image":{"@id":"https:\/\/www.welovekeys.co.uk\/de\/abus-schluessel-in-grossen-mengen\/#primaryimage"},"thumbnailUrl":"https:\/\/www.welovekeys.co.uk\/wp-content\/uploads\/2018\/02\/abus-padlock.jpg","datePublished":"2020-03-23T15:13:55+00:00","breadcrumb":{"@id":"https:\/\/www.welovekeys.co.uk\/de\/abus-schluessel-in-grossen-mengen\/#breadcrumb"},"inLanguage":"de","potentialAction":[{"@type":"ReadAction","target":["https:\/\/www.welovekeys.co.uk\/de\/abus-schluessel-in-grossen-mengen\/"]}]},{"@type":"ImageObject","inLanguage":"de","@id":"https:\/\/www.welovekeys.co.uk\/de\/abus-schluessel-in-grossen-mengen\/#primaryimage","url":"https:\/\/www.welovekeys.co.uk\/wp-content\/uploads\/2018\/02\/abus-padlock.jpg","contentUrl":"https:\/\/www.welovekeys.co.uk\/wp-content\/uploads\/2018\/02\/abus-padlock.jpg","width":1051,"height":1051,"caption":"ABUS-Schl\u00fcssel f\u00fcr gleichschlie\u00dfendes Vorh\u00e4ngeschloss"},{"@type":"BreadcrumbList","@id":"https:\/\/www.welovekeys.co.uk\/de\/abus-schluessel-in-grossen-mengen\/#breadcrumb","itemListElement":[{"@type":"ListItem","position":1,"name":"Home","item":"https:\/\/www.welovekeys.co.uk\/de\/startseite-2\/"},{"@type":"ListItem","position":2,"name":"ABUS-Schl\u00fcssel in gro\u00dfen Mengen"}]},{"@type":"WebSite","@id":"https:\/\/www.welovekeys.co.uk\/de\/#website","url":"https:\/\/www.welovekeys.co.uk\/de\/","name":"We Love Keys","description":"A marketplace for keys","publisher":{"@id":"https:\/\/www.welovekeys.co.uk\/de\/#organization"},"potentialAction":[{"@type":"SearchAction","target":{"@type":"EntryPoint","urlTemplate":"https:\/\/www.welovekeys.co.uk\/de\/?s={search_term_string}"},"query-input":{"@type":"PropertyValueSpecification","valueRequired":true,"valueName":"search_term_string"}}],"inLanguage":"de"},{"@type":"Organization","@id":"https:\/\/www.welovekeys.co.uk\/de\/#organization","name":"We Love Keys","url":"https:\/\/www.welovekeys.co.uk\/de\/","logo":{"@type":"ImageObject","inLanguage":"de","@id":"https:\/\/www.welovekeys.co.uk\/de\/#\/schema\/logo\/image\/","url":"https:\/\/www.welovekeys.co.uk\/wp-content\/uploads\/2017\/06\/WE.png","contentUrl":"https:\/\/www.welovekeys.co.uk\/wp-content\/uploads\/2017\/06\/WE.png","width":348,"height":66,"caption":"We Love Keys"},"image":{"@id":"https:\/\/www.welovekeys.co.uk\/de\/#\/schema\/logo\/image\/"}}]}},"_links":{"self":[{"href":"https:\/\/www.welovekeys.co.uk\/de\/wp-json\/wp\/v2\/pages\/4687","targetHints":{"allow":["GET"]}}],"collection":[{"href":"https:\/\/www.welovekeys.co.uk\/de\/wp-json\/wp\/v2\/pages"}],"about":[{"href":"https:\/\/www.welovekeys.co.uk\/de\/wp-json\/wp\/v2\/types\/page"}],"author":[{"embeddable":true,"href":"https:\/\/www.welovekeys.co.uk\/de\/wp-json\/wp\/v2\/users\/3"}],"replies":[{"embeddable":true,"href":"https:\/\/www.welovekeys.co.uk\/de\/wp-json\/wp\/v2\/comments?post=4687"}],"version-history":[{"count":0,"href":"https:\/\/www.welovekeys.co.uk\/de\/wp-json\/wp\/v2\/pages\/4687\/revisions"}],"wp:featuredmedia":[{"embeddable":true,"href":"https:\/\/www.welovekeys.co.uk\/de\/wp-json\/wp\/v2\/media\/1310"}],"wp:attachment":[{"href":"https:\/\/www.welovekeys.co.uk\/de\/wp-json\/wp\/v2\/media?parent=4687"}],"curies":[{"name":"wp","href":"https:\/\/api.w.org\/{rel}","templated":true}]}}