{"id":1967,"date":"2018-09-27T16:36:38","date_gmt":"2018-09-27T16:36:38","guid":{"rendered":"https:\/\/www.welovekeys.co.uk\/anleitung-zur-bestellung-zusatzlicher-abus-keys\/"},"modified":"2018-09-27T16:36:38","modified_gmt":"2018-09-27T16:36:38","slug":"anleitung-zur-bestellung-zusatzlicher-abus-keys","status":"publish","type":"page","link":"https:\/\/www.welovekeys.co.uk\/de\/anleitung-zur-bestellung-zusatzlicher-abus-keys\/","title":{"rendered":"Anleitung zur Bestellung zus\u00e4tzlicher ABUS Keys"},"content":{"rendered":"<p>[et_pb_section fb_built=&#8220;1&#8243; _builder_version=&#8220;3.0.101&#8243; background_image=&#8220;https:\/\/www.welovekeys.co.uk\/wp-content\/uploads\/2017\/07\/Abus-keys.jpeg&#8220; custom_margin=&#8220;|||&#8220; custom_padding=&#8220;200px||200px|&#8220; bottom_divider_style=&#8220;mountains2&#8243; bottom_divider_color=&#8220;#ffffff&#8220;][\/et_pb_section][et_pb_section fb_built=&#8220;1&#8243; _builder_version=&#8220;3.0.47&#8243; custom_padding=&#8220;0px|0px|54px|0px&#8220;][et_pb_row _builder_version=&#8220;3.0.101&#8243; background_size=&#8220;initial&#8220; background_position=&#8220;top_left&#8220; background_repeat=&#8220;repeat&#8220;][et_pb_column type=&#8220;4_4&#8243; _builder_version=&#8220;3.0.47&#8243; parallax=&#8220;off&#8220; parallax_method=&#8220;on&#8220;][et_pb_text _builder_version=&#8220;3.0.106&#8243; text_font=&#8220;|300|||||||&#8220; text_font_size=&#8220;18px&#8220; text_text_color=&#8220;rgba(0,0,0,0.84)&#8220; text_line_height=&#8220;1.8em&#8220; header_font=&#8220;|600|||||||&#8220; header_text_color=&#8220;#4f4f4f&#8220; header_2_font=&#8220;|300|||||||&#8220; header_2_text_color=&#8220;##4f4f4f&#8220;]<\/p>\n<h1>Ein Leitfaden zur Bestellung von ABUS Schl&uuml;ssel Online<img loading=\"lazy\" decoding=\"async\" src=\"https:\/\/www.welovekeys.co.uk\/wp-content\/uploads\/2018\/01\/ABUS_Logo.svg_-300x96.png\" width=\"300\" height=\"96\" alt=\"ABUS Logo\" class=\"wp-image-742 alignright size-medium\" srcset=\"https:\/\/www.welovekeys.co.uk\/wp-content\/uploads\/2018\/01\/ABUS_Logo.svg_-300x96.png 300w, https:\/\/www.welovekeys.co.uk\/wp-content\/uploads\/2018\/01\/ABUS_Logo.svg_-510x163.png 510w, https:\/\/www.welovekeys.co.uk\/wp-content\/uploads\/2018\/01\/ABUS_Logo.svg_-768x245.png 768w, https:\/\/www.welovekeys.co.uk\/wp-content\/uploads\/2018\/01\/ABUS_Logo.svg_-610x194.png 610w, https:\/\/www.welovekeys.co.uk\/wp-content\/uploads\/2018\/01\/ABUS_Logo.svg_.png 985w\" sizes=\"(max-width: 300px) 100vw, 300px\" \/><\/h1>\n<h2>Sind Sie auf der Suche nach Ersatz-ABUS-Schl\u00fcssel? Sie sind an der richtigen Stelle.<\/h2>\n<p>Wir wissen, dass es oft eine Herausforderung ist, Ersatzschl\u00fcssel f\u00fcr T\u00fcrzylinder, Fahrradschl\u00f6sser und Vorh\u00e4ngeschl\u00f6sser zu bekommen. Aus diesem Grund haben wir uns entschieden, eine Website einzurichten, um diesen Prozess zu vereinfachen.<\/p>\n<p>Da ABUS eine so gro\u00dfe Auswahl an Produkten produziert, hielten wir es f\u00fcr n\u00fctzlich, eine Anleitung zur Auswahl der <span style=\"font-weight:bolder;\"><a href=\"https:\/\/www.welovekeys.co.uk\/de\/abus-schlussel\/\" target=\"_blank\">ABUS-Produkte in unserem Angebot<\/a><\/span> zu geben.<\/p>\n<p>Sie k\u00f6nnen uns jederzeit unter der Telefonnummer <span style=\"font-weight:bolder;\"><a href=\"tel:00442076080809\">+44 (0) 20 7608 0809<\/a><\/span> anrufen oder uns <span style=\"font-weight:bolder;\"><a href=\"https:\/\/www.welovekeys.co.uk\/de\/impressum\/\">bei R\u00fcckfragen schreiben<\/a><\/span>.<\/p>\n<ul style=\"list-style-type:none;\">\n<li>In diesem Artikel:<\/li>\n<li>\u2013 <a href=\"#willyouneed\">Brauchen Sie meinen Schl\u00fcssel zum Kopieren?<\/a><\/li>\n<li>\u2013 <a href=\"#codenumbers\">Schl\u00fcsselcodenummern &amp; wo man sie findet.<\/a><\/li>\n<li>\u2013 <a href=\"#securitycards\">Schl\u00fcssel mit Sicherheitskarten.<\/a><\/li>\n<li>\u2013 <a href=\"#nocode\">Was passiert, wenn ich meinen Schl\u00fcsselcode nicht finden kann?<\/a><\/li>\n<li>\u2013 <a href=\"#links\">N\u00fctzliche Links.<\/a><\/li>\n<\/ul>\n<h2 id=\"willyouneed\">Brauchen Sie meinen Schl\u00fcssel zum Kopieren?<\/h2>\n<p>Wir werden Ihren Schl\u00fcssel nicht ben\u00f6tigen, um davon zu kopieren. Das ist die Magie von ABUS-Schl\u00fcsseln: Sie k\u00f6nnen alle von der Codenummer hergestellt werden.<\/p>\n<p>Wenn Sie also nur noch einen Schl\u00fcssel haben, den Sie jeden Tag benutzen, f\u00fcrchten Sie sich nicht! Wir k\u00f6nnen Ihren Schl\u00fcssel herstellen und Ihnen ohne weiteres zusenden.<\/p>\n<h2 id=\"codenumbers\">Schl\u00fcsselcodenummern &amp; wo man sie findet.<\/h2>\n<p>Auf den meisten Schl\u00fcsseln von ABUS-Produkten ist eine Codenummer angegeben, und manchmal ist die Codenummer auf einer separaten Schl\u00fcsselkarte angegeben (<a href=\"#securitycards\">siehe unten<\/a>).<\/p>\n<p>In der Regel ist eine Schl\u00fcsselcodenummer auf dem Kopf des Schl\u00fcssels markiert. Wenn der Kopf des Schl\u00fcssels aus Kunststoff ist (dies ist bei ABUS-Schl\u00fcsseln oft der Fall), wird der Code normalerweise oben auf den Schaft des Schl\u00fcssels geschrieben.<\/p>\n<h2 id=\"securitycards\">Schl\u00fcssel mit Sicherheitskarten.<\/h2>\n<p><img loading=\"lazy\" decoding=\"async\" src=\"https:\/\/www.welovekeys.co.uk\/wp-content\/uploads\/2017\/07\/Abus-Plus-300x300.png\" width=\"300\" height=\"300\" alt=\"ABUS Plus - We Love Keys\" class=\"wp-image-390 alignright size-medium\" srcset=\"https:\/\/www.welovekeys.co.uk\/wp-content\/uploads\/2017\/07\/Abus-Plus-300x300.png 300w, https:\/\/www.welovekeys.co.uk\/wp-content\/uploads\/2017\/07\/Abus-Plus-400x400.png 400w, https:\/\/www.welovekeys.co.uk\/wp-content\/uploads\/2017\/07\/Abus-Plus-100x100.png 100w, https:\/\/www.welovekeys.co.uk\/wp-content\/uploads\/2017\/07\/Abus-Plus-150x150.png 150w, https:\/\/www.welovekeys.co.uk\/wp-content\/uploads\/2017\/07\/Abus-Plus-157x157.png 157w, https:\/\/www.welovekeys.co.uk\/wp-content\/uploads\/2017\/07\/Abus-Plus.png 500w\" sizes=\"(max-width: 300px) 100vw, 300px\" \/><\/p>\n<p>Eine Reihe von ABUS Schl\u00f6ssern werden mit Sicherheitskarten mit Codenummern ausgeliefert. So werden beispielsweise die ABUS Granit-Vorh\u00e4ngeschl\u00f6sser (Plus oder X-Plus) immer mit einer Codekarte geliefert.<\/p>\n<p>Diese Karte &#8211; die die gleiche Gr\u00f6\u00dfe und Form wie eine Kreditkarte hat &#8211; wird mit einer Codenummer versehen, aus der wir eine Kopie des Schl\u00fcssels machen k\u00f6nnen. Sie k\u00f6nnen eine dieser Karten auf der rechten Seite sehen.<\/p>\n<h2 id=\"nocode\">Was passiert, wenn ich meinen Schl\u00fcsselcode nicht finden kann?<\/h2>\n<p>In einigen F\u00e4llen k\u00f6nnen wir einen Schl\u00fcssel einfach aus einem Foto machen. Verwenden Sie unser <a href=\"https:\/\/www.welovekeys.co.uk\/de\/hilfe\/\" rel=\"noopener\" target=\"_blank\"><span style=\"font-weight:bolder;\">Fotohochladeformular<\/span><\/a>, um uns ein paar Bilder Ihres Schl\u00fcssels zu senden, und wir werden uns mit einer L\u00f6sung an Sie wenden.<\/p>\n<h2 id=\"links\">N\u00fctzliche Links.<\/h2>\n<p>Hier sind einige Seiten, die Sie n\u00fctzlich finden k\u00f6nnten:<\/p>\n<ul style=\"list-style-type:none;\">\n<li>\u2013 <a href=\"https:\/\/www.welovekeys.co.uk\/de\/abus-schlussel\/\">Unser ABUS-Schl&uuml;ssel-Angebot.<\/a><\/li>\n<li>\u2013 <a target=\"_blank\" href=\"https:\/\/www.abus.com\/uk\/Guide\/Keys-and-Cylinders\/Ordering-Additional-Keys\">Info direkt von ABUS \u00fcber Ersatzschl\u00fcssel.<\/a><\/li>\n<\/ul>\n<p>[\/et_pb_text][\/et_pb_column][\/et_pb_row][\/et_pb_section]<\/p>\n","protected":false},"excerpt":{"rendered":"<p>Ein Leitfaden zur Bestellung von ABUS Schl&uuml;ssel Online Sind Sie auf der Suche nach Ersatz-ABUS-Schl\u00fcssel? Sie sind an der richtigen Stelle. Wir wissen, dass es oft eine Herausforderung ist, Ersatzschl\u00fcssel f\u00fcr T\u00fcrzylinder, Fahrradschl\u00f6sser und Vorh\u00e4ngeschl\u00f6sser zu bekommen. Aus diesem Grund haben wir uns entschieden, eine Website einzurichten, um diesen Prozess zu vereinfachen. Da ABUS eine [&hellip;]<\/p>\n","protected":false},"author":3,"featured_media":0,"parent":0,"menu_order":0,"comment_status":"closed","ping_status":"closed","template":"","meta":{"_et_pb_use_builder":"on","_et_pb_old_content":"","_et_gb_content_width":"","footnotes":""},"class_list":["post-1967","page","type-page","status-publish","hentry"],"yoast_head":"<!-- This site is optimized with the Yoast SEO plugin v27.4 - https:\/\/yoast.com\/product\/yoast-seo-wordpress\/ -->\n<title>Anleitung zur Bestellung zus\u00e4tzlicher ABUS Keys - We Love Keys<\/title>\n<meta name=\"description\" content=\"Wir wissen, dass es oft eine Herausforderung sein kann, Ersatz-ABUS-Schl\u00fcssel f\u00fcr T\u00fcrzylinder, Fahrradschl\u00f6sser und Vorh\u00e4ngeschl\u00f6sser zu bekommen. Aus diesem Grund haben wir einen Standort eingerichtet, um das zu vereinfachen. Da ABUS eine so gro\u00dfe Auswahl an Produkten produziert, haben wir eine Anleitung zur Auswahl von Produkten aus unserem Sortiment an ABUS-Schl\u00fcsseln erstellt.\" \/>\n<meta name=\"robots\" content=\"index, follow, max-snippet:-1, max-image-preview:large, max-video-preview:-1\" \/>\n<link rel=\"canonical\" href=\"https:\/\/www.welovekeys.co.uk\/de\/anleitung-zur-bestellung-zusatzlicher-abus-keys\/\" \/>\n<meta property=\"og:locale\" content=\"de_DE\" \/>\n<meta property=\"og:type\" content=\"article\" \/>\n<meta property=\"og:title\" content=\"Anleitung zur Bestellung zus\u00e4tzlicher ABUS Keys - We Love Keys\" \/>\n<meta property=\"og:description\" content=\"Wir wissen, dass es oft eine Herausforderung sein kann, Ersatz-ABUS-Schl\u00fcssel f\u00fcr T\u00fcrzylinder, Fahrradschl\u00f6sser und Vorh\u00e4ngeschl\u00f6sser zu bekommen. Aus diesem Grund haben wir einen Standort eingerichtet, um das zu vereinfachen. Da ABUS eine so gro\u00dfe Auswahl an Produkten produziert, haben wir eine Anleitung zur Auswahl von Produkten aus unserem Sortiment an ABUS-Schl\u00fcsseln erstellt.\" \/>\n<meta property=\"og:url\" content=\"https:\/\/www.welovekeys.co.uk\/de\/anleitung-zur-bestellung-zusatzlicher-abus-keys\/\" \/>\n<meta property=\"og:site_name\" content=\"We Love Keys\" \/>\n<meta property=\"og:image\" content=\"https:\/\/www.welovekeys.co.uk\/wp-content\/uploads\/2018\/01\/ABUS_Logo.svg_-300x96.png\" \/>\n<meta name=\"twitter:card\" content=\"summary_large_image\" \/>\n<meta name=\"twitter:label1\" content=\"Gesch\u00e4tzte Lesezeit\" \/>\n\t<meta name=\"twitter:data1\" content=\"3\u00a0Minuten\" \/>\n<script type=\"application\/ld+json\" class=\"yoast-schema-graph\">{\"@context\":\"https:\\\/\\\/schema.org\",\"@graph\":[{\"@type\":\"WebPage\",\"@id\":\"https:\\\/\\\/www.welovekeys.co.uk\\\/de\\\/anleitung-zur-bestellung-zusatzlicher-abus-keys\\\/\",\"url\":\"https:\\\/\\\/www.welovekeys.co.uk\\\/de\\\/anleitung-zur-bestellung-zusatzlicher-abus-keys\\\/\",\"name\":\"Anleitung zur Bestellung zus\u00e4tzlicher ABUS Keys - We Love Keys\",\"isPartOf\":{\"@id\":\"https:\\\/\\\/www.welovekeys.co.uk\\\/de\\\/#website\"},\"primaryImageOfPage\":{\"@id\":\"https:\\\/\\\/www.welovekeys.co.uk\\\/de\\\/anleitung-zur-bestellung-zusatzlicher-abus-keys\\\/#primaryimage\"},\"image\":{\"@id\":\"https:\\\/\\\/www.welovekeys.co.uk\\\/de\\\/anleitung-zur-bestellung-zusatzlicher-abus-keys\\\/#primaryimage\"},\"thumbnailUrl\":\"https:\\\/\\\/www.welovekeys.co.uk\\\/wp-content\\\/uploads\\\/2018\\\/01\\\/ABUS_Logo.svg_-300x96.png\",\"datePublished\":\"2018-09-27T16:36:38+00:00\",\"description\":\"Wir wissen, dass es oft eine Herausforderung sein kann, Ersatz-ABUS-Schl\u00fcssel f\u00fcr T\u00fcrzylinder, Fahrradschl\u00f6sser und Vorh\u00e4ngeschl\u00f6sser zu bekommen. Aus diesem Grund haben wir einen Standort eingerichtet, um das zu vereinfachen. Da ABUS eine so gro\u00dfe Auswahl an Produkten produziert, haben wir eine Anleitung zur Auswahl von Produkten aus unserem Sortiment an ABUS-Schl\u00fcsseln erstellt.\",\"breadcrumb\":{\"@id\":\"https:\\\/\\\/www.welovekeys.co.uk\\\/de\\\/anleitung-zur-bestellung-zusatzlicher-abus-keys\\\/#breadcrumb\"},\"inLanguage\":\"de\",\"potentialAction\":[{\"@type\":\"ReadAction\",\"target\":[\"https:\\\/\\\/www.welovekeys.co.uk\\\/de\\\/anleitung-zur-bestellung-zusatzlicher-abus-keys\\\/\"]}]},{\"@type\":\"ImageObject\",\"inLanguage\":\"de\",\"@id\":\"https:\\\/\\\/www.welovekeys.co.uk\\\/de\\\/anleitung-zur-bestellung-zusatzlicher-abus-keys\\\/#primaryimage\",\"url\":\"https:\\\/\\\/www.welovekeys.co.uk\\\/wp-content\\\/uploads\\\/2018\\\/01\\\/ABUS_Logo.svg_-300x96.png\",\"contentUrl\":\"https:\\\/\\\/www.welovekeys.co.uk\\\/wp-content\\\/uploads\\\/2018\\\/01\\\/ABUS_Logo.svg_-300x96.png\"},{\"@type\":\"BreadcrumbList\",\"@id\":\"https:\\\/\\\/www.welovekeys.co.uk\\\/de\\\/anleitung-zur-bestellung-zusatzlicher-abus-keys\\\/#breadcrumb\",\"itemListElement\":[{\"@type\":\"ListItem\",\"position\":1,\"name\":\"Home\",\"item\":\"https:\\\/\\\/www.welovekeys.co.uk\\\/de\\\/startseite-2\\\/\"},{\"@type\":\"ListItem\",\"position\":2,\"name\":\"Anleitung zur Bestellung zus\u00e4tzlicher ABUS Keys\"}]},{\"@type\":\"WebSite\",\"@id\":\"https:\\\/\\\/www.welovekeys.co.uk\\\/de\\\/#website\",\"url\":\"https:\\\/\\\/www.welovekeys.co.uk\\\/de\\\/\",\"name\":\"We Love Keys\",\"description\":\"A marketplace for keys\",\"publisher\":{\"@id\":\"https:\\\/\\\/www.welovekeys.co.uk\\\/de\\\/#organization\"},\"potentialAction\":[{\"@type\":\"SearchAction\",\"target\":{\"@type\":\"EntryPoint\",\"urlTemplate\":\"https:\\\/\\\/www.welovekeys.co.uk\\\/de\\\/?s={search_term_string}\"},\"query-input\":{\"@type\":\"PropertyValueSpecification\",\"valueRequired\":true,\"valueName\":\"search_term_string\"}}],\"inLanguage\":\"de\"},{\"@type\":\"Organization\",\"@id\":\"https:\\\/\\\/www.welovekeys.co.uk\\\/de\\\/#organization\",\"name\":\"We Love Keys\",\"url\":\"https:\\\/\\\/www.welovekeys.co.uk\\\/de\\\/\",\"logo\":{\"@type\":\"ImageObject\",\"inLanguage\":\"de\",\"@id\":\"https:\\\/\\\/www.welovekeys.co.uk\\\/de\\\/#\\\/schema\\\/logo\\\/image\\\/\",\"url\":\"https:\\\/\\\/www.welovekeys.co.uk\\\/wp-content\\\/uploads\\\/2017\\\/06\\\/WE.png\",\"contentUrl\":\"https:\\\/\\\/www.welovekeys.co.uk\\\/wp-content\\\/uploads\\\/2017\\\/06\\\/WE.png\",\"width\":348,\"height\":66,\"caption\":\"We Love Keys\"},\"image\":{\"@id\":\"https:\\\/\\\/www.welovekeys.co.uk\\\/de\\\/#\\\/schema\\\/logo\\\/image\\\/\"}}]}<\/script>\n<!-- \/ Yoast SEO plugin. -->","yoast_head_json":{"title":"Anleitung zur Bestellung zus\u00e4tzlicher ABUS Keys - We Love Keys","description":"Wir wissen, dass es oft eine Herausforderung sein kann, Ersatz-ABUS-Schl\u00fcssel f\u00fcr T\u00fcrzylinder, Fahrradschl\u00f6sser und Vorh\u00e4ngeschl\u00f6sser zu bekommen. Aus diesem Grund haben wir einen Standort eingerichtet, um das zu vereinfachen. Da ABUS eine so gro\u00dfe Auswahl an Produkten produziert, haben wir eine Anleitung zur Auswahl von Produkten aus unserem Sortiment an ABUS-Schl\u00fcsseln erstellt.","robots":{"index":"index","follow":"follow","max-snippet":"max-snippet:-1","max-image-preview":"max-image-preview:large","max-video-preview":"max-video-preview:-1"},"canonical":"https:\/\/www.welovekeys.co.uk\/de\/anleitung-zur-bestellung-zusatzlicher-abus-keys\/","og_locale":"de_DE","og_type":"article","og_title":"Anleitung zur Bestellung zus\u00e4tzlicher ABUS Keys - We Love Keys","og_description":"Wir wissen, dass es oft eine Herausforderung sein kann, Ersatz-ABUS-Schl\u00fcssel f\u00fcr T\u00fcrzylinder, Fahrradschl\u00f6sser und Vorh\u00e4ngeschl\u00f6sser zu bekommen. Aus diesem Grund haben wir einen Standort eingerichtet, um das zu vereinfachen. Da ABUS eine so gro\u00dfe Auswahl an Produkten produziert, haben wir eine Anleitung zur Auswahl von Produkten aus unserem Sortiment an ABUS-Schl\u00fcsseln erstellt.","og_url":"https:\/\/www.welovekeys.co.uk\/de\/anleitung-zur-bestellung-zusatzlicher-abus-keys\/","og_site_name":"We Love Keys","og_image":[{"url":"https:\/\/www.welovekeys.co.uk\/wp-content\/uploads\/2018\/01\/ABUS_Logo.svg_-300x96.png","type":"","width":"","height":""}],"twitter_card":"summary_large_image","twitter_misc":{"Gesch\u00e4tzte Lesezeit":"3\u00a0Minuten"},"schema":{"@context":"https:\/\/schema.org","@graph":[{"@type":"WebPage","@id":"https:\/\/www.welovekeys.co.uk\/de\/anleitung-zur-bestellung-zusatzlicher-abus-keys\/","url":"https:\/\/www.welovekeys.co.uk\/de\/anleitung-zur-bestellung-zusatzlicher-abus-keys\/","name":"Anleitung zur Bestellung zus\u00e4tzlicher ABUS Keys - We Love Keys","isPartOf":{"@id":"https:\/\/www.welovekeys.co.uk\/de\/#website"},"primaryImageOfPage":{"@id":"https:\/\/www.welovekeys.co.uk\/de\/anleitung-zur-bestellung-zusatzlicher-abus-keys\/#primaryimage"},"image":{"@id":"https:\/\/www.welovekeys.co.uk\/de\/anleitung-zur-bestellung-zusatzlicher-abus-keys\/#primaryimage"},"thumbnailUrl":"https:\/\/www.welovekeys.co.uk\/wp-content\/uploads\/2018\/01\/ABUS_Logo.svg_-300x96.png","datePublished":"2018-09-27T16:36:38+00:00","description":"Wir wissen, dass es oft eine Herausforderung sein kann, Ersatz-ABUS-Schl\u00fcssel f\u00fcr T\u00fcrzylinder, Fahrradschl\u00f6sser und Vorh\u00e4ngeschl\u00f6sser zu bekommen. Aus diesem Grund haben wir einen Standort eingerichtet, um das zu vereinfachen. Da ABUS eine so gro\u00dfe Auswahl an Produkten produziert, haben wir eine Anleitung zur Auswahl von Produkten aus unserem Sortiment an ABUS-Schl\u00fcsseln erstellt.","breadcrumb":{"@id":"https:\/\/www.welovekeys.co.uk\/de\/anleitung-zur-bestellung-zusatzlicher-abus-keys\/#breadcrumb"},"inLanguage":"de","potentialAction":[{"@type":"ReadAction","target":["https:\/\/www.welovekeys.co.uk\/de\/anleitung-zur-bestellung-zusatzlicher-abus-keys\/"]}]},{"@type":"ImageObject","inLanguage":"de","@id":"https:\/\/www.welovekeys.co.uk\/de\/anleitung-zur-bestellung-zusatzlicher-abus-keys\/#primaryimage","url":"https:\/\/www.welovekeys.co.uk\/wp-content\/uploads\/2018\/01\/ABUS_Logo.svg_-300x96.png","contentUrl":"https:\/\/www.welovekeys.co.uk\/wp-content\/uploads\/2018\/01\/ABUS_Logo.svg_-300x96.png"},{"@type":"BreadcrumbList","@id":"https:\/\/www.welovekeys.co.uk\/de\/anleitung-zur-bestellung-zusatzlicher-abus-keys\/#breadcrumb","itemListElement":[{"@type":"ListItem","position":1,"name":"Home","item":"https:\/\/www.welovekeys.co.uk\/de\/startseite-2\/"},{"@type":"ListItem","position":2,"name":"Anleitung zur Bestellung zus\u00e4tzlicher ABUS Keys"}]},{"@type":"WebSite","@id":"https:\/\/www.welovekeys.co.uk\/de\/#website","url":"https:\/\/www.welovekeys.co.uk\/de\/","name":"We Love Keys","description":"A marketplace for keys","publisher":{"@id":"https:\/\/www.welovekeys.co.uk\/de\/#organization"},"potentialAction":[{"@type":"SearchAction","target":{"@type":"EntryPoint","urlTemplate":"https:\/\/www.welovekeys.co.uk\/de\/?s={search_term_string}"},"query-input":{"@type":"PropertyValueSpecification","valueRequired":true,"valueName":"search_term_string"}}],"inLanguage":"de"},{"@type":"Organization","@id":"https:\/\/www.welovekeys.co.uk\/de\/#organization","name":"We Love Keys","url":"https:\/\/www.welovekeys.co.uk\/de\/","logo":{"@type":"ImageObject","inLanguage":"de","@id":"https:\/\/www.welovekeys.co.uk\/de\/#\/schema\/logo\/image\/","url":"https:\/\/www.welovekeys.co.uk\/wp-content\/uploads\/2017\/06\/WE.png","contentUrl":"https:\/\/www.welovekeys.co.uk\/wp-content\/uploads\/2017\/06\/WE.png","width":348,"height":66,"caption":"We Love Keys"},"image":{"@id":"https:\/\/www.welovekeys.co.uk\/de\/#\/schema\/logo\/image\/"}}]}},"_links":{"self":[{"href":"https:\/\/www.welovekeys.co.uk\/de\/wp-json\/wp\/v2\/pages\/1967","targetHints":{"allow":["GET"]}}],"collection":[{"href":"https:\/\/www.welovekeys.co.uk\/de\/wp-json\/wp\/v2\/pages"}],"about":[{"href":"https:\/\/www.welovekeys.co.uk\/de\/wp-json\/wp\/v2\/types\/page"}],"author":[{"embeddable":true,"href":"https:\/\/www.welovekeys.co.uk\/de\/wp-json\/wp\/v2\/users\/3"}],"replies":[{"embeddable":true,"href":"https:\/\/www.welovekeys.co.uk\/de\/wp-json\/wp\/v2\/comments?post=1967"}],"version-history":[{"count":0,"href":"https:\/\/www.welovekeys.co.uk\/de\/wp-json\/wp\/v2\/pages\/1967\/revisions"}],"wp:attachment":[{"href":"https:\/\/www.welovekeys.co.uk\/de\/wp-json\/wp\/v2\/media?parent=1967"}],"curies":[{"name":"wp","href":"https:\/\/api.w.org\/{rel}","templated":true}]}}