{"id":1937,"date":"2018-09-25T16:11:52","date_gmt":"2018-09-25T16:11:52","guid":{"rendered":"https:\/\/www.welovekeys.co.uk\/startseite\/"},"modified":"2018-09-25T16:11:53","modified_gmt":"2018-09-25T16:11:53","slug":"startseite","status":"publish","type":"page","link":"https:\/\/www.welovekeys.co.uk\/de\/startseite\/","title":{"rendered":"Startseite"},"content":{"rendered":"<p>[et_pb_section bb_built=&#8220;1&#8243; background_color=&#8220;rgba(28,28,28,0.49)&#8220; custom_padding=&#8220;77px|0px|100px|0px&#8220; _builder_version=&#8220;3.0.64&#8243; background_image=&#8220;https:\/\/www.welovekeys.co.uk\/wp-content\/uploads\/2017\/06\/bicycle-1839005_1280.jpg&#8220; background_blend=&#8220;overlay&#8220;][et_pb_row background_color_1=&#8220;rgba(18,77,181,0.45)&#8220; background_color_2=&#8220;rgba(224,43,32,0.65)&#8220; padding_top_1=&#8220;30px&#8220; padding_bottom_1=&#8220;30px&#8220; padding_top_2=&#8220;30px&#8220; padding_bottom_2=&#8220;30px&#8220; _builder_version=&#8220;3.0.92&#8243;][et_pb_column type=&#8220;4_4&#8243;][et_pb_text _builder_version=&#8220;3.0.64&#8243; header_font=&#8220;Lato||||&#8220; header_font_size=&#8220;36px&#8220; header_text_color=&#8220;#ffffff&#8220;]<\/p>\n<h1 style=\"text-align: center;\">Finden Sie den <strong>Schl\u00fcssel<\/ strong>, den Sie brauchen!<\/h1>\n<p>[\/et_pb_text][et_pb_button button_url=&#8220;\/?page_id=318&#8243; button_text=&#8220;SCHL\u00dcSSEL EINKAUFEN&#8220; button_alignment=&#8220;center&#8220; _builder_version=&#8220;3.0.64&#8243; custom_button=&#8220;on&#8220; button_text_color=&#8220;#ffffff&#8220; button_border_width=&#8220;3px&#8220; button_border_color=&#8220;#ffffff&#8220; button_icon=&#8220;%%95%%&#8220; background_color=&#8220;#0058a0&#8243; \/][\/et_pb_column][\/et_pb_row][\/et_pb_section][et_pb_section bb_built=&#8220;1&#8243; background_color=&#8220;#f9f9f9&#8243; custom_padding=&#8220;19px|0px|42px|0px&#8220; _builder_version=&#8220;3.0.64&#8243;][et_pb_row _builder_version=&#8220;3.0.64&#8243;][et_pb_column type=&#8220;1_3&#8243;][et_pb_blurb _builder_version=&#8220;3.0.92&#8243; title=&#8220;Problemlose Preise&#8220; url_new_window=&#8220;off&#8220; use_icon=&#8220;on&#8220; font_icon=&#8220;%%281%%&#8220; use_circle=&#8220;off&#8220; use_circle_border=&#8220;off&#8220; icon_placement=&#8220;top&#8220; use_icon_font_size=&#8220;off&#8220; background_layout=&#8220;light&#8220; text_orientation=&#8220;center&#8220;]<\/p>\n<p>Unsere Schl\u00fcssel sind preislich wettbewerbsf\u00e4hig, so dass Sie immer Geld in der Tasche f\u00fcr einen frechen Happen zu essen haben.<\/p>\n<p>[\/et_pb_blurb][\/et_pb_column][et_pb_column type=&#8220;1_3&#8243;][et_pb_blurb _builder_version=&#8220;3.0.92&#8243; title=&#8220;Sachkundiger Service&#8220; url_new_window=&#8220;off&#8220; use_icon=&#8220;on&#8220; font_icon=&#8220;%%202%%&#8220; use_circle=&#8220;off&#8220; use_circle_border=&#8220;off&#8220; icon_placement=&#8220;top&#8220; use_icon_font_size=&#8220;off&#8220; background_layout=&#8220;light&#8220; text_orientation=&#8220;center&#8220;]<\/p>\n<p>Wenn Sie nicht finden, was Sie brauchen, k\u00f6nnen wir Ihnen trotzdem helfen, Sie auf den richtigen Weg zu bringen. Nehmen Sie Kontakt auf und wir helfen Ihnen weiter.<\/p>\n<p>[\/et_pb_blurb][\/et_pb_column][et_pb_column type=&#8220;1_3&#8243;][et_pb_blurb _builder_version=&#8220;3.0.92&#8243; title=&#8220;Der Schl\u00fcssel zum Erfolg&#8220; url_new_window=&#8220;off&#8220; use_icon=&#8220;on&#8220; font_icon=&#8220;%%230%%&#8220; use_circle=&#8220;off&#8220; use_circle_border=&#8220;off&#8220; icon_placement=&#8220;top&#8220; use_icon_font_size=&#8220;off&#8220; background_layout=&#8220;light&#8220; text_orientation=&#8220;center&#8220;]<\/p>\n<p>Der Schl\u00fcssel zum Erfolg ist, sich nicht um Dinge wie Schl\u00fcssel k\u00fcmmern zu m\u00fcssen. We Love Keys zielt darauf ab, Ihr Leben einfacher zu machen und sicherzustellen, dass der Kauf von Schl\u00fcsseln keine l\u00e4stige Pflicht ist.<\/p>\n<p>[\/et_pb_blurb][\/et_pb_column][\/et_pb_row][\/et_pb_section][et_pb_section bb_built=&#8220;1&#8243; background_color=&#8220;rgba(0,35,84,0.57)&#8220; custom_padding=&#8220;23px|0px|44px|0px&#8220; _builder_version=&#8220;3.0.64&#8243; background_image=&#8220;https:\/\/www.welovekeys.co.uk\/wp-content\/uploads\/2017\/06\/keyscontact.jpeg&#8220; background_blend=&#8220;overlay&#8220;][et_pb_row custom_padding=&#8220;26px|0px|0px|0px&#8220; _builder_version=&#8220;3.0.47&#8243; background_size=&#8220;initial&#8220; background_position=&#8220;top_left&#8220; background_repeat=&#8220;repeat&#8220;][et_pb_column type=&#8220;4_4&#8243;][et_pb_text background_layout=&#8220;dark&#8220; text_orientation=&#8220;center&#8220; _builder_version=&#8220;3.0.92&#8243; header_font=&#8220;Lato|on|||&#8220; header_font_size=&#8220;37px&#8220; header_text_color=&#8220;#606060&#8243; header_letter_spacing=&#8220;1px&#8220; background_size=&#8220;initial&#8220; background_position=&#8220;top_left&#8220; background_repeat=&#8220;repeat&#8220; module_alignment=&#8220;center&#8220;]<\/p>\n<h1><span style=\"color: #ffffff;\">Suchen Sie einen neuen <strong>Schl&uuml;ssel<\/strong>?<\/span><\/h1>\n<p>[\/et_pb_text][\/et_pb_column][\/et_pb_row][\/et_pb_section][et_pb_section bb_built=&#8220;1&#8243; admin_label=&#8220;section&#8220; background_color=&#8220;#f9f9f9&#8243; custom_padding=&#8220;0px|0px|16px|0px&#8220; _builder_version=&#8220;3.0.64&#8243;][et_pb_row admin_label=&#8220;row&#8220; custom_padding=&#8220;25.7188px|0px|7px|0px&#8220; _builder_version=&#8220;3.0.47&#8243; background_size=&#8220;initial&#8220; background_position=&#8220;top_left&#8220; background_repeat=&#8220;repeat&#8220;][et_pb_column type=&#8220;1_4&#8243;][et_pb_button button_url=&#8220;\/?page_id=441&#8243; button_text=&#8220;ABUS-Schl\u00fcssel&#8220; button_alignment=&#8220;left&#8220; _builder_version=&#8220;3.0.64&#8243; custom_button=&#8220;on&#8220; button_text_size=&#8220;21px&#8220; button_text_color=&#8220;#ffffff&#8220; button_bg_color=&#8220;rgba(0,35,84,0.57)&#8220; button_border_color=&#8220;rgba(255,255,255,0.66)&#8220; button_border_radius=&#8220;4px&#8220; button_letter_spacing=&#8220;1px&#8220; button_font=&#8220;Open Sans||||&#8220; button_icon=&#8220;%%95%%&#8220; button_letter_spacing_hover=&#8220;1px&#8220; background_color=&#8220;#0058a0&#8243; \/][et_pb_button button_url=&#8220;\/?page_id=448&#8243; button_text=&#8220;T\u00fcrschl\u00fcssel&#8220; button_alignment=&#8220;left&#8220; _builder_version=&#8220;3.0.64&#8243; custom_button=&#8220;on&#8220; button_text_size=&#8220;21px&#8220; button_text_color=&#8220;#ffffff&#8220; button_bg_color=&#8220;rgba(0,35,84,0.57)&#8220; button_border_color=&#8220;#ffffff&#8220; button_border_radius=&#8220;4px&#8220; button_letter_spacing=&#8220;1px&#8220; button_font=&#8220;Open Sans||||&#8220; button_icon=&#8220;%%95%%&#8220; button_letter_spacing_hover=&#8220;1px&#8220; background_color=&#8220;#0058a0&#8243; \/][et_pb_button button_url=&#8220;https:\/\/www.welovekeys.co.uk\/de\/fahrradschlussel\/&#8220; button_text=&#8220;Fahrradschl\u00fcssel&#8220; button_alignment=&#8220;left&#8220; _builder_version=&#8220;3.0.64&#8243; custom_button=&#8220;on&#8220; button_text_size=&#8220;21px&#8220; button_text_color=&#8220;#ffffff&#8220; button_bg_color=&#8220;rgba(0,35,84,0.57)&#8220; button_border_color=&#8220;#ffffff&#8220; button_border_radius=&#8220;4px&#8220; button_letter_spacing=&#8220;1px&#8220; button_font=&#8220;Open Sans||||&#8220; button_icon=&#8220;%%95%%&#8220; button_letter_spacing_hover=&#8220;1px&#8220; background_color=&#8220;#0058a0&#8243; \/][et_pb_button button_url=&#8220;https:\/\/www.welovekeys.co.uk\/de\/bohrmuldenschlussel\/&#8220; button_text=&#8220;Bohrmuldenschl\u00fcssel&#8220; button_alignment=&#8220;left&#8220; _builder_version=&#8220;3.0.64&#8243; custom_button=&#8220;on&#8220; button_text_size=&#8220;21px&#8220; button_text_color=&#8220;#ffffff&#8220; button_bg_color=&#8220;rgba(0,35,84,0.57)&#8220; button_border_color=&#8220;#ffffff&#8220; button_border_radius=&#8220;4px&#8220; button_letter_spacing=&#8220;1px&#8220; button_font=&#8220;Open Sans||||&#8220; button_icon=&#8220;%%95%%&#8220; button_letter_spacing_hover=&#8220;1px&#8220; background_color=&#8220;#0058a0&#8243; \/][et_pb_button button_url=&#8220;\/?page_id=433&#8243; button_text=&#8220;Schl\u00fcssel f\u00fcr Vorh\u00e4ngeschl\u00f6sser&#8220; button_alignment=&#8220;left&#8220; _builder_version=&#8220;3.0.64&#8243; custom_button=&#8220;on&#8220; button_text_size=&#8220;21px&#8220; button_text_color=&#8220;#ffffff&#8220; button_bg_color=&#8220;rgba(0,35,84,0.57)&#8220; button_border_color=&#8220;#ffffff&#8220; button_border_radius=&#8220;4px&#8220; button_letter_spacing=&#8220;1px&#8220; button_font=&#8220;Open Sans||||&#8220; button_icon=&#8220;%%95%%&#8220; button_letter_spacing_hover=&#8220;1px&#8220; background_color=&#8220;#0058a0&#8243; \/][\/et_pb_column][et_pb_column type=&#8220;3_4&#8243;][et_pb_shop type=&#8220;product_category&#8220; include_categories=&#8220;28,20,27,26,25&#8243; columns_number=&#8220;5&#8243; _builder_version=&#8220;3.0.92&#8243; title_font=&#8220;Lato||||&#8220; title_font_size=&#8220;15px&#8220; title_letter_spacing=&#8220;1px&#8220; title_line_height=&#8220;1.2em&#8220; price_font=&#8220;|on|||&#8220; price_font_size=&#8220;12px&#8220; price_text_color=&#8220;rgba(94,94,94,0.69)&#8220; price_line_height=&#8220;15px&#8220; \/][\/et_pb_column][\/et_pb_row][\/et_pb_section][et_pb_section bb_built=&#8220;1&#8243; admin_label=&#8220;section&#8220; background_color=&#8220;#002f5c&#8220; custom_padding=&#8220;38px|0px|24px|0px&#8220; _builder_version=&#8220;3.0.47&#8243;][et_pb_row admin_label=&#8220;row&#8220; custom_padding=&#8220;17px|0px|16px|0px&#8220; _builder_version=&#8220;3.0.47&#8243; background_size=&#8220;initial&#8220; background_position=&#8220;top_left&#8220; background_repeat=&#8220;repeat&#8220;][et_pb_column type=&#8220;4_4&#8243;][et_pb_text background_layout=&#8220;dark&#8220; _builder_version=&#8220;3.0.92&#8243; text_font=&#8220;Open Sans||||&#8220; text_font_size=&#8220;22px&#8220; text_text_color=&#8220;#ededed&#8220; text_letter_spacing=&#8220;1px&#8220; header_letter_spacing=&#8220;1px&#8220; background_size=&#8220;initial&#8220; background_position=&#8220;top_left&#8220; background_repeat=&#8220;repeat&#8220;]<\/p>\n<h1 style=\"text-align: center;\"><strong>Sie wissen nicht, welche Art von ABUS-Schl\u00fcssel Sie ben\u00f6tigen?<\/strong><\/h1>\n<p style=\"text-align: center;\"><strong>Keine Bange! Wir sind hier um zu helfen!<\/strong><\/p>\n<p>[\/et_pb_text][et_pb_button button_url=&#8220;https:\/\/www.welovekeys.co.uk\/de\/hilfe\/&#8220; url_new_window=&#8220;on&#8220; button_text=&#8220;Finden Sie den Schl\u00fcssel, den Sie brauchen&#8220; button_alignment=&#8220;center&#8220; _builder_version=&#8220;3.0.47&#8243; custom_button=&#8220;on&#8220; button_text_color=&#8220;#ffffff&#8220; button_use_icon=&#8220;on&#8220; button_icon=&#8220;%%95%%&#8220; background_color=&#8220;#0058a0&#8243; \/][\/et_pb_column][\/et_pb_row][\/et_pb_section][et_pb_section bb_built=&#8220;1&#8243; admin_label=&#8220;section&#8220; background_color=&#8220;#f4f4f4&#8243; custom_padding=&#8220;43px|0px|51.4375px|0px&#8220; _builder_version=&#8220;3.0.47&#8243;][et_pb_row admin_label=&#8220;row&#8220; custom_padding=&#8220;9px|0px|20px|0px&#8220; _builder_version=&#8220;3.0.47&#8243; background_size=&#8220;initial&#8220; background_position=&#8220;top_left&#8220; background_repeat=&#8220;repeat&#8220;][et_pb_column type=&#8220;4_4&#8243;][et_pb_text text_orientation=&#8220;center&#8220; _builder_version=&#8220;3.0.47&#8243; text_text_color=&#8220;#bfbfbf&#8220; header_text_color=&#8220;#7c7c7c&#8220; background_size=&#8220;initial&#8220; background_position=&#8220;top_left&#8220; background_repeat=&#8220;repeat&#8220; module_alignment=&#8220;center&#8220;]<\/p>\n<h1><span color=\"#002f5c\" style=\"color: #002f5c;\">Sehen Sie, was unsere Kunden \u00fcber uns zu sagen haben!<\/span><\/h1>\n<p>[\/et_pb_text][\/et_pb_column][\/et_pb_row][et_pb_row admin_label=&#8220;row&#8220; custom_padding=&#8220;2px|0px|19px|0px&#8220; _builder_version=&#8220;3.0.47&#8243; background_size=&#8220;initial&#8220; background_position=&#8220;top_left&#8220; background_repeat=&#8220;repeat&#8220;][et_pb_column type=&#8220;4_4&#8243;][et_pb_divider color=&#8220;#c4c4c4&#8243; show_divider=&#8220;on&#8220; divider_style=&#8220;solid&#8220; divider_position=&#8220;top&#8220; divider_weight=&#8220;1px&#8220; _builder_version=&#8220;3.0.47&#8243; disabled_on=&#8220;on|on|off&#8220; \/][\/et_pb_column][\/et_pb_row][et_pb_row admin_label=&#8220;row&#8220; custom_padding=&#8220;10px|0px|25.7188px|0px&#8220; _builder_version=&#8220;3.0.47&#8243; background_size=&#8220;initial&#8220; background_position=&#8220;top_left&#8220; background_repeat=&#8220;repeat&#8220;][et_pb_column type=&#8220;1_3&#8243;][et_pb_testimonial author=&#8220;John Andrews&#8220; background_layout=&#8220;light&#8220; text_orientation=&#8220;justified&#8220; quote_icon_color=&#8220;#002f5c&#8220; _builder_version=&#8220;3.0.92&#8243; body_font_size=&#8220;17px&#8220; background_size=&#8220;initial&#8220; background_position=&#8220;top_left&#8220; background_repeat=&#8220;repeat&#8220; url_new_window=&#8220;off&#8220; quote_icon=&#8220;on&#8220; use_background_color=&#8220;on&#8220; quote_icon_background_color=&#8220;#f5f5f5&#8243;]<\/p>\n<p>Niemand konnte mein Tesa-Schl\u00fcssel schneiden, bis ich hierher kam. Es war wirklich einfach von We Love Keys zu bestellen.<\/p>\n<p>[\/et_pb_testimonial][\/et_pb_column][et_pb_column type=&#8220;1_3&#8243;][et_pb_testimonial author=&#8220;Anna Topalov&#8220; background_layout=&#8220;light&#8220; text_orientation=&#8220;justified&#8220; quote_icon_color=&#8220;#002f5c&#8220; _builder_version=&#8220;3.0.92&#8243; body_font_size=&#8220;17px&#8220; background_size=&#8220;initial&#8220; background_position=&#8220;top_left&#8220; background_repeat=&#8220;repeat&#8220; url_new_window=&#8220;off&#8220; quote_icon=&#8220;on&#8220; use_background_color=&#8220;on&#8220; quote_icon_background_color=&#8220;#f5f5f5&#8243;]<\/p>\n<p>Ich wusste nicht einmal, dass man Schl\u00fcssel online bestellen kann, ohne in einen Laden zu gehen. Guter Service! Werde es empfehlen.<\/p>\n<p>[\/et_pb_testimonial][\/et_pb_column][et_pb_column type=&#8220;1_3&#8243;][et_pb_testimonial author=&#8220;Andrea Rothmeier&#8220; background_layout=&#8220;light&#8220; text_orientation=&#8220;justified&#8220; quote_icon_color=&#8220;#002f5c&#8220; _builder_version=&#8220;3.0.92&#8243; body_font_size=&#8220;17px&#8220; background_size=&#8220;initial&#8220; background_position=&#8220;top_left&#8220; background_repeat=&#8220;repeat&#8220; url_new_window=&#8220;off&#8220; quote_icon=&#8220;on&#8220; use_background_color=&#8220;on&#8220; quote_icon_background_color=&#8220;#f5f5f5&#8243;]<\/p>\n<p>Mein Fahrradladen l\u00e4sst mich lange auf neue ABUS-Schl\u00fcssel warten. We Love Keys hat meine sehr schnell und viel billiger hergestellt.<\/p>\n<p>[\/et_pb_testimonial][\/et_pb_column][\/et_pb_row][\/et_pb_section]<\/p>\n","protected":false},"excerpt":{"rendered":"<p>Finden Sie den Schl\u00fcssel, den Sie brauchen! Unsere Schl\u00fcssel sind preislich wettbewerbsf\u00e4hig, so dass Sie immer Geld in der Tasche f\u00fcr einen frechen Happen zu essen haben. Wenn Sie nicht finden, was Sie brauchen, k\u00f6nnen wir Ihnen trotzdem helfen, Sie auf den richtigen Weg zu bringen. Nehmen Sie Kontakt auf und wir helfen Ihnen weiter. [&hellip;]<\/p>\n","protected":false},"author":3,"featured_media":1202,"parent":0,"menu_order":0,"comment_status":"closed","ping_status":"closed","template":"","meta":{"_et_pb_use_builder":"on","_et_pb_old_content":"","_et_gb_content_width":"","footnotes":""},"class_list":["post-1937","page","type-page","status-publish","has-post-thumbnail","hentry"],"yoast_head":"<!-- This site is optimized with the Yoast SEO plugin v27.4 - https:\/\/yoast.com\/product\/yoast-seo-wordpress\/ -->\n<title>Startseite - We Love Keys Online-Schl\u00fcsselservice<\/title>\n<meta name=\"description\" content=\"Finden Sie alle Arten von Schl\u00fcsseln und Schl\u00f6ssern in unserem Online-Shop. Hohe Qualit\u00e4t, gute Preise und schneller Versand. We Love Keys ist ein Online-Schl\u00fcsselservice\" \/>\n<meta name=\"robots\" content=\"index, follow, max-snippet:-1, max-image-preview:large, max-video-preview:-1\" \/>\n<link rel=\"canonical\" href=\"https:\/\/www.welovekeys.co.uk\/de\/startseite\/\" \/>\n<meta property=\"og:locale\" content=\"de_DE\" \/>\n<meta property=\"og:type\" content=\"article\" \/>\n<meta property=\"og:title\" content=\"Startseite - We Love Keys Online-Schl\u00fcsselservice\" \/>\n<meta property=\"og:description\" content=\"Finden Sie alle Arten von Schl\u00fcsseln und Schl\u00f6ssern in unserem Online-Shop. Hohe Qualit\u00e4t, gute Preise und schneller Versand. We Love Keys ist ein Online-Schl\u00fcsselservice\" \/>\n<meta property=\"og:url\" content=\"https:\/\/www.welovekeys.co.uk\/de\/startseite\/\" \/>\n<meta property=\"og:site_name\" content=\"We Love Keys\" \/>\n<meta property=\"article:modified_time\" content=\"2018-09-25T16:11:53+00:00\" \/>\n<meta property=\"og:image\" content=\"https:\/\/www.welovekeys.co.uk\/wp-content\/uploads\/2017\/06\/bicycle-1839005_1280.jpg\" \/>\n\t<meta property=\"og:image:width\" content=\"1280\" \/>\n\t<meta property=\"og:image:height\" content=\"800\" \/>\n\t<meta property=\"og:image:type\" content=\"image\/jpeg\" \/>\n<meta name=\"twitter:card\" content=\"summary_large_image\" \/>\n<meta name=\"twitter:label1\" content=\"Gesch\u00e4tzte Lesezeit\" \/>\n\t<meta name=\"twitter:data1\" content=\"8\u00a0Minuten\" \/>\n<script type=\"application\/ld+json\" class=\"yoast-schema-graph\">{\"@context\":\"https:\\\/\\\/schema.org\",\"@graph\":[{\"@type\":\"WebPage\",\"@id\":\"https:\\\/\\\/www.welovekeys.co.uk\\\/de\\\/startseite\\\/\",\"url\":\"https:\\\/\\\/www.welovekeys.co.uk\\\/de\\\/startseite\\\/\",\"name\":\"Startseite - We Love Keys Online-Schl\u00fcsselservice\",\"isPartOf\":{\"@id\":\"https:\\\/\\\/www.welovekeys.co.uk\\\/de\\\/#website\"},\"primaryImageOfPage\":{\"@id\":\"https:\\\/\\\/www.welovekeys.co.uk\\\/de\\\/startseite\\\/#primaryimage\"},\"image\":{\"@id\":\"https:\\\/\\\/www.welovekeys.co.uk\\\/de\\\/startseite\\\/#primaryimage\"},\"thumbnailUrl\":\"https:\\\/\\\/www.welovekeys.co.uk\\\/wp-content\\\/uploads\\\/2017\\\/06\\\/bicycle-1839005_1280.jpg\",\"datePublished\":\"2018-09-25T16:11:52+00:00\",\"dateModified\":\"2018-09-25T16:11:53+00:00\",\"description\":\"Finden Sie alle Arten von Schl\u00fcsseln und Schl\u00f6ssern in unserem Online-Shop. Hohe Qualit\u00e4t, gute Preise und schneller Versand. We Love Keys ist ein Online-Schl\u00fcsselservice\",\"breadcrumb\":{\"@id\":\"https:\\\/\\\/www.welovekeys.co.uk\\\/de\\\/startseite\\\/#breadcrumb\"},\"inLanguage\":\"de\",\"potentialAction\":[{\"@type\":\"ReadAction\",\"target\":[\"https:\\\/\\\/www.welovekeys.co.uk\\\/de\\\/startseite\\\/\"]}]},{\"@type\":\"ImageObject\",\"inLanguage\":\"de\",\"@id\":\"https:\\\/\\\/www.welovekeys.co.uk\\\/de\\\/startseite\\\/#primaryimage\",\"url\":\"https:\\\/\\\/www.welovekeys.co.uk\\\/wp-content\\\/uploads\\\/2017\\\/06\\\/bicycle-1839005_1280.jpg\",\"contentUrl\":\"https:\\\/\\\/www.welovekeys.co.uk\\\/wp-content\\\/uploads\\\/2017\\\/06\\\/bicycle-1839005_1280.jpg\",\"width\":1280,\"height\":800,\"caption\":\"Bike locks - We Love Keys online key-cutting service\"},{\"@type\":\"BreadcrumbList\",\"@id\":\"https:\\\/\\\/www.welovekeys.co.uk\\\/de\\\/startseite\\\/#breadcrumb\",\"itemListElement\":[{\"@type\":\"ListItem\",\"position\":1,\"name\":\"Home\",\"item\":\"https:\\\/\\\/www.welovekeys.co.uk\\\/de\\\/startseite-2\\\/\"},{\"@type\":\"ListItem\",\"position\":2,\"name\":\"Startseite\"}]},{\"@type\":\"WebSite\",\"@id\":\"https:\\\/\\\/www.welovekeys.co.uk\\\/de\\\/#website\",\"url\":\"https:\\\/\\\/www.welovekeys.co.uk\\\/de\\\/\",\"name\":\"We Love Keys\",\"description\":\"A marketplace for keys\",\"publisher\":{\"@id\":\"https:\\\/\\\/www.welovekeys.co.uk\\\/de\\\/#organization\"},\"potentialAction\":[{\"@type\":\"SearchAction\",\"target\":{\"@type\":\"EntryPoint\",\"urlTemplate\":\"https:\\\/\\\/www.welovekeys.co.uk\\\/de\\\/?s={search_term_string}\"},\"query-input\":{\"@type\":\"PropertyValueSpecification\",\"valueRequired\":true,\"valueName\":\"search_term_string\"}}],\"inLanguage\":\"de\"},{\"@type\":\"Organization\",\"@id\":\"https:\\\/\\\/www.welovekeys.co.uk\\\/de\\\/#organization\",\"name\":\"We Love Keys\",\"url\":\"https:\\\/\\\/www.welovekeys.co.uk\\\/de\\\/\",\"logo\":{\"@type\":\"ImageObject\",\"inLanguage\":\"de\",\"@id\":\"https:\\\/\\\/www.welovekeys.co.uk\\\/de\\\/#\\\/schema\\\/logo\\\/image\\\/\",\"url\":\"https:\\\/\\\/www.welovekeys.co.uk\\\/wp-content\\\/uploads\\\/2017\\\/06\\\/WE.png\",\"contentUrl\":\"https:\\\/\\\/www.welovekeys.co.uk\\\/wp-content\\\/uploads\\\/2017\\\/06\\\/WE.png\",\"width\":348,\"height\":66,\"caption\":\"We Love Keys\"},\"image\":{\"@id\":\"https:\\\/\\\/www.welovekeys.co.uk\\\/de\\\/#\\\/schema\\\/logo\\\/image\\\/\"}}]}<\/script>\n<!-- \/ Yoast SEO plugin. -->","yoast_head_json":{"title":"Startseite - We Love Keys Online-Schl\u00fcsselservice","description":"Finden Sie alle Arten von Schl\u00fcsseln und Schl\u00f6ssern in unserem Online-Shop. Hohe Qualit\u00e4t, gute Preise und schneller Versand. We Love Keys ist ein Online-Schl\u00fcsselservice","robots":{"index":"index","follow":"follow","max-snippet":"max-snippet:-1","max-image-preview":"max-image-preview:large","max-video-preview":"max-video-preview:-1"},"canonical":"https:\/\/www.welovekeys.co.uk\/de\/startseite\/","og_locale":"de_DE","og_type":"article","og_title":"Startseite - We Love Keys Online-Schl\u00fcsselservice","og_description":"Finden Sie alle Arten von Schl\u00fcsseln und Schl\u00f6ssern in unserem Online-Shop. Hohe Qualit\u00e4t, gute Preise und schneller Versand. We Love Keys ist ein Online-Schl\u00fcsselservice","og_url":"https:\/\/www.welovekeys.co.uk\/de\/startseite\/","og_site_name":"We Love Keys","article_modified_time":"2018-09-25T16:11:53+00:00","og_image":[{"width":1280,"height":800,"url":"https:\/\/www.welovekeys.co.uk\/wp-content\/uploads\/2017\/06\/bicycle-1839005_1280.jpg","type":"image\/jpeg"}],"twitter_card":"summary_large_image","twitter_misc":{"Gesch\u00e4tzte Lesezeit":"8\u00a0Minuten"},"schema":{"@context":"https:\/\/schema.org","@graph":[{"@type":"WebPage","@id":"https:\/\/www.welovekeys.co.uk\/de\/startseite\/","url":"https:\/\/www.welovekeys.co.uk\/de\/startseite\/","name":"Startseite - We Love Keys Online-Schl\u00fcsselservice","isPartOf":{"@id":"https:\/\/www.welovekeys.co.uk\/de\/#website"},"primaryImageOfPage":{"@id":"https:\/\/www.welovekeys.co.uk\/de\/startseite\/#primaryimage"},"image":{"@id":"https:\/\/www.welovekeys.co.uk\/de\/startseite\/#primaryimage"},"thumbnailUrl":"https:\/\/www.welovekeys.co.uk\/wp-content\/uploads\/2017\/06\/bicycle-1839005_1280.jpg","datePublished":"2018-09-25T16:11:52+00:00","dateModified":"2018-09-25T16:11:53+00:00","description":"Finden Sie alle Arten von Schl\u00fcsseln und Schl\u00f6ssern in unserem Online-Shop. Hohe Qualit\u00e4t, gute Preise und schneller Versand. We Love Keys ist ein Online-Schl\u00fcsselservice","breadcrumb":{"@id":"https:\/\/www.welovekeys.co.uk\/de\/startseite\/#breadcrumb"},"inLanguage":"de","potentialAction":[{"@type":"ReadAction","target":["https:\/\/www.welovekeys.co.uk\/de\/startseite\/"]}]},{"@type":"ImageObject","inLanguage":"de","@id":"https:\/\/www.welovekeys.co.uk\/de\/startseite\/#primaryimage","url":"https:\/\/www.welovekeys.co.uk\/wp-content\/uploads\/2017\/06\/bicycle-1839005_1280.jpg","contentUrl":"https:\/\/www.welovekeys.co.uk\/wp-content\/uploads\/2017\/06\/bicycle-1839005_1280.jpg","width":1280,"height":800,"caption":"Bike locks - We Love Keys online key-cutting service"},{"@type":"BreadcrumbList","@id":"https:\/\/www.welovekeys.co.uk\/de\/startseite\/#breadcrumb","itemListElement":[{"@type":"ListItem","position":1,"name":"Home","item":"https:\/\/www.welovekeys.co.uk\/de\/startseite-2\/"},{"@type":"ListItem","position":2,"name":"Startseite"}]},{"@type":"WebSite","@id":"https:\/\/www.welovekeys.co.uk\/de\/#website","url":"https:\/\/www.welovekeys.co.uk\/de\/","name":"We Love Keys","description":"A marketplace for keys","publisher":{"@id":"https:\/\/www.welovekeys.co.uk\/de\/#organization"},"potentialAction":[{"@type":"SearchAction","target":{"@type":"EntryPoint","urlTemplate":"https:\/\/www.welovekeys.co.uk\/de\/?s={search_term_string}"},"query-input":{"@type":"PropertyValueSpecification","valueRequired":true,"valueName":"search_term_string"}}],"inLanguage":"de"},{"@type":"Organization","@id":"https:\/\/www.welovekeys.co.uk\/de\/#organization","name":"We Love Keys","url":"https:\/\/www.welovekeys.co.uk\/de\/","logo":{"@type":"ImageObject","inLanguage":"de","@id":"https:\/\/www.welovekeys.co.uk\/de\/#\/schema\/logo\/image\/","url":"https:\/\/www.welovekeys.co.uk\/wp-content\/uploads\/2017\/06\/WE.png","contentUrl":"https:\/\/www.welovekeys.co.uk\/wp-content\/uploads\/2017\/06\/WE.png","width":348,"height":66,"caption":"We Love Keys"},"image":{"@id":"https:\/\/www.welovekeys.co.uk\/de\/#\/schema\/logo\/image\/"}}]}},"_links":{"self":[{"href":"https:\/\/www.welovekeys.co.uk\/de\/wp-json\/wp\/v2\/pages\/1937","targetHints":{"allow":["GET"]}}],"collection":[{"href":"https:\/\/www.welovekeys.co.uk\/de\/wp-json\/wp\/v2\/pages"}],"about":[{"href":"https:\/\/www.welovekeys.co.uk\/de\/wp-json\/wp\/v2\/types\/page"}],"author":[{"embeddable":true,"href":"https:\/\/www.welovekeys.co.uk\/de\/wp-json\/wp\/v2\/users\/3"}],"replies":[{"embeddable":true,"href":"https:\/\/www.welovekeys.co.uk\/de\/wp-json\/wp\/v2\/comments?post=1937"}],"version-history":[{"count":0,"href":"https:\/\/www.welovekeys.co.uk\/de\/wp-json\/wp\/v2\/pages\/1937\/revisions"}],"wp:featuredmedia":[{"embeddable":true,"href":"https:\/\/www.welovekeys.co.uk\/de\/wp-json\/wp\/v2\/media\/1202"}],"wp:attachment":[{"href":"https:\/\/www.welovekeys.co.uk\/de\/wp-json\/wp\/v2\/media?parent=1937"}],"curies":[{"name":"wp","href":"https:\/\/api.w.org\/{rel}","templated":true}]}}